{"id":98,"date":"2019-10-20T13:43:34","date_gmt":"2019-10-20T11:43:34","guid":{"rendered":"https:\/\/ingrid-hacker-klier.com\/web\/?page_id=98"},"modified":"2022-02-14T10:36:08","modified_gmt":"2022-02-14T09:36:08","slug":"21-jahrhundert","status":"publish","type":"page","link":"https:\/\/ingrid-hacker-klier.com\/web\/uebersetzungen\/kunstgeschichte-2\/21-jahrhundert\/","title":{"rendered":"21. Jahrhundert"},"content":{"rendered":"\n<h3>21. Jahrhundert<\/h3>\n\n\n\n<p>Moderne Galerie \u2013 Saarlandmuseum Saarbr\u00fccken<\/p>\n\n\n\n<p>Claire Morgan \u2013 Joy in the Pain<\/p>\n\n\n\n<ul><li>Feststoffteilchen (Chris Fite-Wassilak)<\/li><li>\u00dcber das Werk von Claire Morgan (George Vasey)<\/li><\/ul>\n\n\n\n<p>KERBER VERLAG BIELEFELD 2021<br><\/p>\n\n\n<p><!--EndFragment--><\/p>\n<hr>\n\n\n<p>Museum W\u00fcrth K\u00fcnzelsau<\/p>\n\n\n\n<p>Geometrie &#8211; Wahrnehmung &#8211; Einf\u00fchrung<br>Lun Tuchnowski in der Sammlung W\u00fcrth<\/p>\n\n\n\n<ul><li>Lun Tuchnowski &#8211; Identit\u00e4ten im stetigen Wandel (Richard Cork) <\/li><\/ul>\n\n\n\n<p>SWIRIDOFF VERLAG K\u00fcnzelsau 2021<\/p>\n\n\n\n<p><\/p>\n\n\n<p><!--EndFragment--><\/p>\n<hr>\n\n\n<p>Stadtgalerie Saarbr\u00fccken<\/p>\n\n\n\n<p>IN THE CUT<br>Der m\u00e4nnliche K\u00f6rper in der Feministischen Kunst<br>Andrea Jahn (Hrsg.)<\/p>\n\n\n\n<ul><li>Der m\u00e4nnliche Akt in der Kunst von Frauen \u2013 Dialektik einer feministischen Ikonografie (1981) (Eunice Golden)<\/li><\/ul>\n\n\n\n<p><\/p>\n\n\n\n<ul><li>Eine Begegnung der Liebe \u2013 Erotische Kunst und Feminismus in den 1960er Jahren (Rachel Middleman)<\/li><\/ul>\n\n\n\n<p><\/p>\n\n\n\n<ul><li>Harte Ziele \u2013 Feministische Kunst, m\u00e4nnliche Akte und die Macht der Zensur in den 1970er Jahren (Richard Meyer)<\/li><\/ul>\n\n\n\n<p><\/p>\n\n\n\n<p>KERBER VERLAG BIELEFELD 2019<\/p>\n\n\n\n<hr class=\"wp-block-separator\"\/>\n\n\n\n<p>Museum Ludwig K\u00f6ln<\/p>\n\n\n\n<p>Wir nennen es Ludwig. das Museum wird 40 !<br>We call it Ludwig: the museum is turning 40 !<\/p>\n\n\n\n<ul><li>Anmerkungen zur Gr\u00fcndung der International Society of the Museum Ludwig Cologne am 8 Januar 2017 (Andrea Fraser) sowie s\u00e4mtliche \u00dcbersetzungen aus dem Englischen und Franz\u00f6sischen.<\/li><\/ul>\n\n\n\n<p>Verlag der Buchhandlung Walther K\u00f6nig K\u00f6ln 2018<\/p>\n\n\n\n<hr class=\"wp-block-separator\"\/>\n\n\n\n<p>Museum Ludwig K\u00f6ln und ARoS Aarhus Kunstmuseum<\/p>\n\n\n\n<p>James Rosenquist. Eintauchen ins Bild<br>Stephan Diederich und Yilmaz Dziewior (Hrsg.)<\/p>\n\n\n\n<ul><li>James Rosenquist und die Collage: esoterische Orte (Sarah Bancroft)<\/li><li>Die periphere Gegenwart. James Rosenquist im Raum, um 1970 (Tom Holert)<\/li><li>General Dynamics \u2013 kritische Reflexion und politische Position (Tim Griffin)<\/li><li>sowie die \u00dcbersetzung aller Zitate in den Essays von Isabel Gebhardt, Tino Gra\u00df, Stephan Diederich und Yilmaz Dziewior<\/li><\/ul>\n\n\n\n<p>PRESTEL VERLAG M\u00dcNCHEN 2017<\/p>\n\n\n\n<hr class=\"wp-block-separator\"\/>\n\n\n\n<p>Janaina Tsch\u00e4pe<br>JANAINA TSCH\u00c4PE<\/p>\n\n\n\n<ul><li>Die endlose Suche nach Vollendung (Luisa Duarte)<\/li><li>Tsch\u00e4pe der Drachen (Germano Celant)<\/li><\/ul>\n\n\n\n<p>HIRMER VERLAG M\u00dcNCHEN 2017<\/p>\n\n\n\n<hr class=\"wp-block-separator\"\/>\n\n\n\n<p>Museum Biedermann Donaueschingen<\/p>\n\n\n\n<p>BRITISH ART+<\/p>\n\n\n\n<ul><li>Nigel Hall \u2013 David Nash \u2013 Kenny Hunter \u2013 Matthew Radford \u2013 May Cornet<\/li><li>Matthew Radfort: Der fl\u00fcchtige Blick \u2013 das R\u00e4tsel der Erinnerung (Drew Hammond)<\/li><li>May Cornet: \u201eIch denke, ich suche immer nach dem Sch\u00f6nen\u201c (Rachel Spence)<\/li><li>K\u00fcnstlerzitate von Nigel Hall, David Nash, Kenny Hunter, Matthew Radford und MayCornet<\/li><\/ul>\n\n\n\n<p>MODO-VERLAG FREIBURG 2015<\/p>\n\n\n\n<hr class=\"wp-block-separator\"\/>\n\n\n\n<p>Haus der Kunst M\u00fcnchen<\/p>\n\n\n\n<p>Louise Bourgeois \u2013 Strukturen des Daseins: Die Zellen<br>Julienne Lorz (Hrsg.)<\/p>\n\n\n\n<ul><li>Von der Glasglocke zum K\u00e4fig (Julienne Lorz)<\/li><li>Verbitterung verlangt nach einer Geschichte: PASSAGE DANGEREUX (Nancy Spector)<\/li><li>Biografie Louise Bourgeois<\/li><\/ul>\n\n\n\n<p>PRESTEL VERLAG M\u00dcNCHEN 2015<\/p>\n\n\n\n<hr class=\"wp-block-separator\"\/>\n\n\n\n<p>Gemeentemuseum Den Haag<\/p>\n\n\n\n<p>Berlinde de Bruyckere<br>Angela Mengoni (Hrsg.)<\/p>\n\n\n\n<ul><li>Dem Schmerz eine Form geben (Gary Carrion-Murayari)<\/li><\/ul>\n\n\n\n<p>HIRMER-VERLAG M\u00dcNCHEN 2014<\/p>\n\n\n\n<hr class=\"wp-block-separator\"\/>\n\n\n\n<p>GALERIE KARSTEN GREVE St. Moritz \u2013 Paris \u2013 K\u00f6ln<\/p>\n\n\n\n<p>CLAIRE MORGAN \u2013 The Slow Fire<\/p>\n\n\n\n<ul><li>Vibrierende Stille (Darren Ambrose)<\/li><\/ul>\n\n\n\n<p>GALERIE KARSTEN GREVE St. Moritz\u2013Paris\u2013K\u00f6ln 2014<\/p>\n","protected":false},"excerpt":{"rendered":"<p>21. Jahrhundert Moderne Galerie \u2013 Saarlandmuseum Saarbr\u00fccken Claire Morgan \u2013 Joy in the Pain Feststoffteilchen (Chris Fite-Wassilak) \u00dcber das Werk von Claire Morgan (George Vasey) KERBER VERLAG BIELEFELD 2021 Museum W\u00fcrth K\u00fcnzelsau Geometrie &#8211; Wahrnehmung &#8211; Einf\u00fchrungLun Tuchnowski in der Sammlung W\u00fcrth Lun Tuchnowski &#8211; Identit\u00e4ten im stetigen Wandel (Richard Cork) SWIRIDOFF VERLAG K\u00fcnzelsau 2021 [&hellip;]<\/p>\n","protected":false},"author":1,"featured_media":0,"parent":41,"menu_order":0,"comment_status":"closed","ping_status":"closed","template":"","meta":[],"_links":{"self":[{"href":"https:\/\/ingrid-hacker-klier.com\/web\/wp-json\/wp\/v2\/pages\/98"}],"collection":[{"href":"https:\/\/ingrid-hacker-klier.com\/web\/wp-json\/wp\/v2\/pages"}],"about":[{"href":"https:\/\/ingrid-hacker-klier.com\/web\/wp-json\/wp\/v2\/types\/page"}],"author":[{"embeddable":true,"href":"https:\/\/ingrid-hacker-klier.com\/web\/wp-json\/wp\/v2\/users\/1"}],"replies":[{"embeddable":true,"href":"https:\/\/ingrid-hacker-klier.com\/web\/wp-json\/wp\/v2\/comments?post=98"}],"version-history":[{"count":13,"href":"https:\/\/ingrid-hacker-klier.com\/web\/wp-json\/wp\/v2\/pages\/98\/revisions"}],"predecessor-version":[{"id":236,"href":"https:\/\/ingrid-hacker-klier.com\/web\/wp-json\/wp\/v2\/pages\/98\/revisions\/236"}],"up":[{"embeddable":true,"href":"https:\/\/ingrid-hacker-klier.com\/web\/wp-json\/wp\/v2\/pages\/41"}],"wp:attachment":[{"href":"https:\/\/ingrid-hacker-klier.com\/web\/wp-json\/wp\/v2\/media?parent=98"}],"curies":[{"name":"wp","href":"https:\/\/api.w.org\/{rel}","templated":true}]}}