{"id":92,"date":"2019-10-20T13:23:29","date_gmt":"2019-10-20T11:23:29","guid":{"rendered":"https:\/\/ingrid-hacker-klier.com\/web\/?page_id=92"},"modified":"2020-12-07T11:08:48","modified_gmt":"2020-12-07T10:08:48","slug":"20-jahrhundert","status":"publish","type":"page","link":"https:\/\/ingrid-hacker-klier.com\/web\/uebersetzungen\/kunstgeschichte-2\/20-jahrhundert\/","title":{"rendered":"20. Jahrhundert"},"content":{"rendered":"\n<h3>20. Jahrhundert<\/h3>\n\n\n\n<p>Internationale Tagung Davos (28. Juni \u2013 1. Juli 2018)<\/p>\n\n\n\n<p>\nKirchner Neu Gedacht<br>Annick Haldemann, Wolfgang Henze und Martina Nommsen (Hrsg.)  \n\n<\/p>\n\n\n\n<p><\/p>\n\n\n\n<ul><li>Kirchner, van Gogh      und die Debatte um \u00bbGenie und Wahnsinn\u00ab (Laura Prins)<\/li><li>\u00bbEx malis minima\u00ab.      Kirchner, Simmel und die \u00bbtragische Maske\u00ab der Prostitution&nbsp;&nbsp;&nbsp;&nbsp;&nbsp;&nbsp;&nbsp;&nbsp;&nbsp;&nbsp; (Marta Pichio)<\/li><li>Der Einfluss der      Literatur auf die Phantasiegem\u00e4lde Erst Ludwig Kirchners ab 1912&nbsp;&nbsp;&nbsp;&nbsp; (Sherwin Simmons)<\/li><li>Elementare Formen und      Urph\u00e4nomene: Der Primitivismus der Avantgarde vor 1914&nbsp;&nbsp;&nbsp; (Tomasz Dziewicki)<\/li><li>Auf dem H\u00f6hepunkt      malerischen Ausdrucks: Kampf und Monumentalit\u00e4t in Kirchners      Alpenlandschaften (Frances Blythe)<\/li><\/ul>\n\n\n\n<p>HIRMER VERLAG M\u00dcNCHEN 2020 <\/p>\n\n\n\n<hr class=\"wp-block-separator\"\/>\n\n\n<p><!--EndFragment--><\/p>\n\n\n<p>Kunsthalle Bremen<\/p>\n\n\n\n<p>IKONEN<br>WAS WIR MENSCHEN ANBETEN<br>Christoph Grunenberg und Eva Fischer-Hausdorf (Hrsg.)<\/p>\n\n\n\n<ul><li>Darstellungen des Nichts \u2013 Bedeutungen monochromer Bilder (Aaron Rosen)<\/li><\/ul>\n\n\n\n<p>HIRMER VERLAG M\u00dcNCHEN 2019<\/p>\n\n\n\n<hr class=\"wp-block-separator\"\/>\n\n\n\n<p>Yigal Gawze<br>Form and light &#8211; from bauhaus to tel aviv<\/p>\n\n\n\n<p>HIRMER VERLAG M\u00dcNCHEN 2018<\/p>\n\n\n\n<hr class=\"wp-block-separator\"\/>\n\n\n\n<p>Arp Museum Bahnhof Rolandseck Remagen<br><\/p>\n\n\n\n<p>Henry Moore \u2013 Vision. Creation. Obsession<br>Oliver Kornhoff (Hrsg.)<\/p>\n\n\n\n<ul><li>Physische Gr\u00f6\u00dfe und geistiger Ma\u00dfstab: Henry Moore und das Monumentale&nbsp; &nbsp; &nbsp; &nbsp; &nbsp; &nbsp; &nbsp; (Sebastiano Barassi)<\/li><\/ul>\n\n\n\n<p>HIRMER VERLAG M\u00dcNCHEN 2017<\/p>\n\n\n\n<hr class=\"wp-block-separator\"\/>\n\n\n\n<p>Nolde Stiftung Seeb\u00fcll<\/p>\n\n\n\n<p>Emil Nolde trifft Henry Moore<\/p>\n\n\n\n<ul><li>Ein naturverbundener Mensch. Henry Moore und die Natur (Sebastiano Barassi \/ Hannah Higham)<\/li><\/ul>\n\n\n\n<p>HIRMER VERLAG M\u00dcNCHEN 2017<\/p>\n\n\n\n<hr class=\"wp-block-separator\"\/>\n\n\n\n<p>Kunstmuseum Krefeld<\/p>\n\n\n\n<p>EXAT 51 \u2013 Synthese der K\u00fcnste im Jugoslawien der Nachkriegszeit<\/p>\n\n\n\n<ul><li>EXAT 51 \u2013 Chronologie der kulturellen und historischen Ereignisse (Ljiljana Kole\u0161nik)<\/li><li>EXAT 51 (Experimental Atelier 51) \u2013 Grenz\u00fcberschreitungen in Jugoslawien und im Museum Haus Lange (Katia Baudin)<\/li><\/ul>\n\n\n\n<p>VERLAG KETTLER DORTMUND 2017<\/p>\n\n\n\n<hr class=\"wp-block-separator\"\/>\n\n\n\n<p>Museum Ludwig K\u00f6ln<\/p>\n\n\n\n<p>Fernand L\u00e9ger \u2013 Malerei im Raum<br>Katia Baudin (Hrsg.)<\/p>\n\n\n\n<ul><li>Briefe, Postkarten, Zitate und Vorworte<\/li><\/ul>\n\n\n\n<p>HIRMER VERLAG M\u00dcNCHEN 2016<\/p>\n\n\n\n<hr class=\"wp-block-separator\"\/>\n\n\n\n<p>Kunstmuseum Pablo Picasso M\u00fcnster<\/p>\n\n\n\n<p>Alberto Giacometti \u2013 Meisterwerke aus der Fondation Maeght<br>Markus M\u00fcller (Hrsg.)<\/p>\n\n\n\n<ul><li>Eine Theorie des Raums? (Olivier Kaeppekin)<\/li><\/ul>\n\n\n\n<p>HIRMER-VERLAG M\u00dcNCHEN 2015<\/p>\n\n\n\n<hr class=\"wp-block-separator\"\/>\n\n\n\n<p>GALERIE KARSTEN GREVE St. Moritz \u2013 Paris \u2013 K\u00f6ln<\/p>\n\n\n\n<p>Il mondo di FAUSTO MELOTTI<\/p>\n\n\n\n<ul><li>Fausto Melotti: Die engelhafte Fuge (Daniel Soutif)<\/li><li>Zeugnis: Erinnerung an Fausto Melotti (Maurizio Pollini)<\/li><\/ul>\n\n\n\n<p>GALERIE KARSTEN GREVE St. Moritz\u2013Paris\u2013K\u00f6ln 2014<\/p>\n\n\n\n<hr class=\"wp-block-separator\"\/>\n\n\n\n<p>Pinakothek der Moderne M\u00fcnchen<\/p>\n\n\n\n<p>Andy Warhol \u2013 From Silverpoint to Silver Screen \u2013 1950s Drawings<br>Daniel Blau (Hrsg.)<\/p>\n\n\n\n<ul><li>Vom Silberstift zum silver screen (Sydney Picasso)<\/li><li>Lebenswelten, Szenarien, R\u00e4ume (James Hofmaier)<\/li><\/ul>\n\n\n\n<p>HIRMER-VERLAG M\u00dcNCHEN 2013<\/p>\n\n\n\n<hr class=\"wp-block-separator\"\/>\n\n\n\n<p>Kunstsammlung Nordrhein-Westfalen D\u00fcsseldorf<\/p>\n\n\n\n<p>calder<br>Alexander Calder \u2013 Avantgarde in Bewegung<br>Susanne Meyer-B\u00fcser (Hrsg.)<\/p>\n\n\n\n<ul><li>Calder und der Klang (Gryphon Rue Rower-Upjohn)<\/li><li>Spiel-Objekte. Theatralit\u00e4t bei Alexander Calder (Daniela Hahn)<\/li><\/ul>\n\n\n\n<p>HIRMER-VERLAG M\u00dcNCHEN 2013<\/p>\n\n\n\n<hr class=\"wp-block-separator\"\/>\n\n\n\n<p>GALERIE KARSTEN GREVE St. Moritz \u2013 Paris \u2013 K\u00f6ln<\/p>\n\n\n\n<p>Cy Twombly \u2013 Work on Paper<\/p>\n\n\n\n<ul><li>Comment (Karsten Greve) Bd. 1<\/li><li>Styx und Steine (Robert Storr) Bd. 2<\/li><\/ul>\n\n\n\n<p>GALERIE KARSTEN GREVE St. Moritz\u2013Paris\u2013K\u00f6ln 2013<\/p>\n\n\n\n<hr class=\"wp-block-separator\"\/>\n\n\n\n<p>National Gallery of Art Washington<br>MMK Museum f\u00fcr Moderne Kunst Frankfurt am Main<\/p>\n\n\n\n<p>WARHOL HEADLINES<\/p>\n\n\n\n<ul><li>Wo ist Warhol?<br>\nDie \u201aDreieckskonstellation\u2019 des K\u00fcnstlers in den Schlagzeilen (Molly Donovan)<\/li><li>Breaking it Down.Warhols Zeitungsallegorien (John J. Curley)<\/li><li>Berge von Headlines:Die Warhol Studio Scrapbooks (Matt Wrbican)<\/li><\/ul>\n\n\n\n<p>PRESTEL-VERLAG M\u00dcNCHEN 2012<\/p>\n\n\n\n<hr class=\"wp-block-separator\"\/>\n\n\n\n<p>Royal Academie of Arts London<br>MUSEUM LUDWIG K\u00d6LN<\/p>\n\n\n\n<p>DAVID HOCKNEY \u2013 A Bigger Picture<\/p>\n\n\n\n<ul><li>Mit der Erinnerung sehen: David Hockney und die Alten Meister (Tim Barringer)<\/li><\/ul>\n\n\n\n<p>HIRMER-VERLAG M\u00dcNCHEN 2012<\/p>\n\n\n\n<hr class=\"wp-block-separator\"\/>\n\n\n\n<p>Schirn Kunsthalle Frankfurt<br>Liebighaus Frankfurt Skulpturen Sammlung<\/p>\n\n\n\n<p>Jeff Koons. The Painter \u2013 The Sculptor<\/p>\n\n\n\n<ul><li>Jeff Koons\u2019 Serie Antiquity \u2013 Reflexionen \u00fcber Akzeptanz (Joachim Pissarro)<\/li><li>Drucker-Realismus (Scott Rothkopf)<\/li><li>Jeff Koons, ein moderner K\u00fcnstler zwischen Renaissance und Barock (Jeff Fraiman)<\/li><li>Die \u00c4sthetik des \u201cDazwischen\u201d \u2013 Sch\u00f6nheit und Raum (Babette Babich)<\/li><\/ul>\n\n\n\n<p>HATJE CANTZ VERLAG<a rel=\"noreferrer noopener\" aria-label=\" (\u00f6ffnet in neuem Tab)\" href=\"http:\/\/www.hatjecantz.de\" target=\"_blank\"> <\/a>OSTFILDERN 2012<\/p>\n\n\n\n<hr class=\"wp-block-separator\"\/>\n\n\n\n<p>Bucerius Kunstforum Hamburg<\/p>\n\n\n\n<p>Ferdinand Hodler und Cuno Amiet<br>Eine K\u00fcnstlerfreundschaft zwischen Jugendstil und Moderne<\/p>\n\n\n\n<ul><li>Ferdinand Hodler, Cuno Amiet und Frankreich (Sylvie Patry)<\/li><\/ul>\n\n\n\n<p>HIRMER-VERLAG M\u00dcNCHEN 2012<\/p>\n\n\n\n<hr class=\"wp-block-separator\"\/>\n\n\n\n<p>Bucerius Kunstforum Hamburg<\/p>\n\n\n\n<p>New York Photography 1890 \u2013 1950<br>\nVon Stieglitz bis Man Ray<\/p>\n\n\n\n<ul><li>Photographische Tendenzen im New York des Gilded Age (Alison Nordstr\u00f6m)<\/li><li>Walker Evans und die Kunst des Faktischen (Peter Galassi)<\/li><\/ul>\n\n\n\n<p>HIRMER-VERLAG M\u00dcNCHEN 2012<\/p>\n\n\n\n<hr class=\"wp-block-separator\"\/>\n\n\n\n<p>G\u00fcnter Tollmann<br>Rainer Norton (Hrsg.)<\/p>\n\n\n\n<ul><li>\u201eG\u00fcnter Tollmann zwischen Paris und Gelsenkirchen\u201c (Drew Hammond)<\/li><\/ul>\n\n\n\n<p>HIRMER-VERLAG M\u00dcNCHEN 2011<\/p>\n\n\n\n<hr class=\"wp-block-separator\"\/>\n\n\n\n<p>Los Angeles County Museum of Modern Art<br>Germanisches Nationalmuseum N\u00fcrnberg<br>Deutsche Historisches Museum Berlin<\/p>\n\n\n\n<p>Kunst und Kalter Krieg &#8211; Deutsche Positionen 1945-89<br>Stephanie Barron und Sabine Eckmann (Hrsg.)<\/p>\n\n\n\n<ul><li>Br\u00fccke und Kontinuit\u00e4ten (Sabine Eckmann)<\/li><li>Der Expressionismus und die beiden deutschen Staaten (Karen Lang)<\/li><li>Ged\u00e4chtnisfiguren im Laufe der Zeit (Andreas Huyssen)<\/li><\/ul>\n\n\n\n<p>DUMONT BUCHVERLAG K\u00d6LN 2009<\/p>\n\n\n\n<hr class=\"wp-block-separator\"\/>\n\n\n\n<p>Stiftung Wilhelm Lehmbruck Museum, Duisburg<\/p>\n\n\n\n<p>F\u00fcr eine neue Welt<br>Georges Vantongerloo 1886-1965 und seine Kreise von Mondrian bis Bill<\/p>\n\n\n\n<ul><li>Marek Wieczorek: \u201eF\u00fcr eine neue Welt\u201c Georges Vantongerloo und das Versprechen der Kunst (in Zusammenarbeit mit Wolfgang Himmelberg)<\/li><li>Marek Wieczorek: Georges Vantongerloo und das \u201eInkommensurable\u201c: 1945\u20131964<\/li><\/ul>\n\n\n\n<p>SCHEIDEGGER-SPIESS Z\u00dcRICH 2009<\/p>\n\n\n\n<hr class=\"wp-block-separator\"\/>\n\n\n\n<p>The Hockemeyer Collection \u2013 20th Century Italian Ceramic Art<br>Bernd und Eva Hockemeyer (Hrsg.)<\/p>\n\n\n\n<ul><li>Lisa Hockemeyer: Eine Art Renaissance&#8230;<\/li><\/ul>\n\n\n\n<p>HIRMER-VERLAG M\u00dcNCHEN 2009<\/p>\n\n\n\n<hr class=\"wp-block-separator\"\/>\n\n\n\n<p>Enrique X. de Anda Alan\u00eds<br>F\u00e9lix Candela (1910 \u2013 1997) &#8211; Die Beherrschung der Grenzen<\/p>\n\n\n\n<p>TASCHEN-VERLAG K\u00f6ln 2008<\/p>\n\n\n\n<hr class=\"wp-block-separator\"\/>\n\n\n\n<p>LE CORBUSIER \u2013 LE GRAND<br>Jean-Louis Cohen (Hrsg.)<\/p>\n\n\n\n<ul><li>Kapitel 9: Tage am Mittelmeer (1950-1959)<\/li><li>Kapitel 10: R\u00fcckschau (1954-1965)<\/li><\/ul>\n\n\n\n<p>PHAIDON VERLAG Berlin 2008<\/p>\n\n\n\n<hr class=\"wp-block-separator\"\/>\n\n\n\n<p>CENTRE POMPIDOU-METZ<br>Philip Jodidio &amp; Laurent le Bon (Hrsg.)<\/p>\n\n\n\n<p>PRESTEL-VERLAG M\u00dcNCHEN 2008<\/p>\n\n\n\n<hr class=\"wp-block-separator\"\/>\n\n\n\n<p>Deutsche Guggenheim Berlin<\/p>\n\n\n\n<p>Jackson Pollock: No Limits, Just Edges \u2013 Malerei auf Papier<\/p>\n\n\n\n<ul><li>Gestus auf kleinem Format: Jackson Pollocks Malerei auf Papier (Susan Davidson)<\/li><\/ul>\n\n\n\n<p>HATJE CANTZ VERLAG OSTFILDERN-RUIT 2005<\/p>\n\n\n\n<hr class=\"wp-block-separator\"\/>\n\n\n\n<p>Catherine de Smet<br>LE CORBUSIER \u2013 ARCHITEKT DER B\u00dcCHER<\/p>\n\n\n\n<p>LARS M\u00dcLLER PUBLISHERS BADEN 2005<\/p>\n\n\n\n<hr class=\"wp-block-separator\"\/>\n\n\n\n<p>Deutsche Guggenheim Berlin<\/p>\n\n\n\n<p>Douglas Gordon\u2019s The VANITY of Allegory<\/p>\n\n\n\n<ul><li>34 Entries<\/li><\/ul>\n\n\n\n<p>Guggenheim Museum Publications New York 2005<\/p>\n\n\n\n<hr class=\"wp-block-separator\"\/>\n\n\n\n<p>Br\u00fccke-Museum Berlin<\/p>\n\n\n\n<p>Br\u00fccke : Die Geburt des deutschen Expressionismus<\/p>\n\n\n\n<ul><li>Reformbewegungen um 1990 (Javier Arnaldo)<\/li><li>Gro\u00dfstadt Berlin (Javier Arnaldo)<\/li><li>Die Br\u00fccke und die zentrale Rolle des Primitiven (Reinhold Heller)<\/li><\/ul>\n\n\n\n<p>HIRMER-VERLAG M\u00dcNCHEN 2005<\/p>\n\n\n\n<hr class=\"wp-block-separator\"\/>\n\n\n\n<p>Br\u00fccke-Museum Berlin<\/p>\n\n\n\n<p>Erich Heckel \u2013 Sein Werk der 20er Jahre<\/p>\n\n\n\n<ul><li>Erich Heckel und der Zauber der Melancholie (Reinhold Heller)<\/li><\/ul>\n\n\n\n<p>HIRMER-VERLAG M\u00dcNCHEN 2004<\/p>\n\n\n\n<hr class=\"wp-block-separator\"\/>\n\n\n\n<p>Br\u00fccke-Museum Berlin<\/p>\n\n\n\n<p>\u201eunmittelbar und unverf\u00e4lscht\u201c<br>Aquarelle, Zeichnungen und Druckgraphik der \u201eBr\u00fccke\u201c aus dem Br\u00fccke-Museum Berlin<\/p>\n\n\n\n<ul><li>\u201cBr\u00fccke\u201c zwischen Tradition und Moderne (Reinhold Heller)<\/li><\/ul>\n\n\n\n<p>HIRMER-VERLAG M\u00dcNCHEN 2003<\/p>\n\n\n\n<hr class=\"wp-block-separator\"\/>\n\n\n\n<p>Br\u00fccke-Archiv Berlin 20\/2002<\/p>\n\n\n\n<p>Emil Nolde: Expedition in die S\u00fcdsee<\/p>\n\n\n\n<ul><li>Zur Rezeption au\u00dfereurop\u00e4ischer Kunst vor 1914 (Jill Lloyd)<\/li><li>Emil Noldes Kritik am Kolonialismus (Jill Lloyd)<\/li><\/ul>\n\n\n\n<p>HIRMER-VERLAG M\u00dcNCHEN 2002<\/p>\n\n\n\n<hr class=\"wp-block-separator\"\/>\n\n\n\n<p>Br\u00fccke-Museum Berlin<\/p>\n\n\n\n<p>Ernst Ludwig Kirchner: Gem\u00e4lde \u2013 Zeichnungen \u2013Druckgraphik<\/p>\n\n\n\n<ul><li>Ernst Ludwig Kirchner: Spiegel und Spiegelbilder (Jill Lloyd)<\/li><\/ul>\n\n\n\n<p>DUMONT BUCHVERLAG K\u00d6LN 2001<\/p>\n\n\n\n<hr class=\"wp-block-separator\"\/>\n\n\n\n<p>Frank Whitford<br>Kandinsky. Aquarelle und andere Arbeiten auf Papier<\/p>\n\n\n\n<p>HIRMER-VERLAG M\u00dcNCHEN 1999<\/p>\n\n\n\n<hr class=\"wp-block-separator\"\/>\n\n\n\n<p>Kunstverein Hannover<\/p>\n\n\n\n<p>Robert Morris, Recent Felt Pieces and Drawings<\/p>\n\n\n\n<ul><li>Soft Forms (Rosalind Krauss und Robert Morris)<\/li><li>Jane &amp; Louise Wilson, STASI-CITY<br> Fragen an Jane und Louise Wilson von Raimund Kummer<\/li><li>Franz Erhard Walther \u2013 ich bin die Skulptur<br> Die Umsetzung des Werkes durch den K\u00f6rper (Roselyne Marsaud Perrodin)<\/li><\/ul>\n\n\n\n<hr class=\"wp-block-separator\"\/>\n\n\n\n<p>DOUGLAS GORDON \u2013 PICTURES<\/p>\n\n\n\n<ul><li>Moralische und physiologische Bez\u00fcge im Werk von Douglas Gordon (Charles Esche)<\/li><\/ul>\n\n\n\n<p>KUNSTVEREIN HANNOVER 1997\u20131998<\/p>\n\n\n\n<hr class=\"wp-block-separator\"\/>\n\n\n\n<p>Der Blaue Reiter und seine K\u00fcnstler<br>Magdalena M. Moeller (Hrsg.)<\/p>\n\n\n\n<ul><li>Kandinskys Stilentwicklung (Vivian Endicott Barnett)<\/li><li>Kandinsky als Theoretiker (Peter Vergo)<\/li><\/ul>\n\n\n\n<p>HIRMER-VERLAG M\u00dcNCHEN 1998<\/p>\n\n\n\n<hr class=\"wp-block-separator\"\/>\n\n\n\n<p>Fondation Kubach-Wilmsen<\/p>\n\n\n\n<p>KUBACH-WILMSEN SKULPTUREN FONDATION<\/p>\n\n\n\n<ul><li>Die Suche nach der verlorenen Harmonie (St\u00e9phane Penxten)<\/li><\/ul>\n\n\n\n<p>FONDATION KUBACH-WILMSEN 1998<\/p>\n\n\n\n<hr class=\"wp-block-separator\"\/>\n\n\n\n<p>Kubach &amp; Kropp, Steinskulpturen<br>Livia Kubach und Michael Kropp<\/p>\n\n\n\n<ul><li>Steinskulpturen (St\u00e9phane Penxten)<\/li><\/ul>\n\n\n\n<p>KUBACH &amp; KROPP 1998<\/p>\n\n\n\n<hr class=\"wp-block-separator\"\/>\n\n\n\n<p>Neues Museum Weserburg Bremen<\/p>\n\n\n\n<p>TERRA INCOGNITA<\/p>\n\n\n\n<ul><li>Antiqua, Rara und Curiosa (Stephen Bann)<\/li><li>Horizontlosigkeit (Michael Newman)<\/li><li>Alighiero e Boetti, Vija Celmins, Neil Jenney, Jean-Luc Mylayne, Hiroshi Sugimoto (Lynne Cooke)<\/li><\/ul>\n\n\n\n<hr class=\"wp-block-separator\"\/>\n\n\n\n<p> Neues Museum Weserburg Bremen<\/p>\n\n\n\n<p>Ren\u00e9 Magritte, Die Kunst der Konversation<br>M. Broodthaers, J. Kosuth, B. Bloom, R. Gober, Sturtevant (Hrsg.)<\/p>\n\n\n\n<ul><li>Die spirituellen Exerzitien Ren\u00e9 Magrittes (Didier Ottinger)<\/li><li>Magrittes Bilder als \u203aDispositive\u2039 (Pierre Sterckx)<\/li><\/ul>\n\n\n\n<p>PRESTEL-VERLAG M\u00dcNCHEN 1996<\/p>\n\n\n\n<hr class=\"wp-block-separator\"\/>\n\n\n\n<p>Neues Museum Weserburg Bremen<\/p>\n\n\n\n<p>Picasso \u2013 Guston \u2013 Mir\u00f3 \u2013 de Kooning: In vollkommener Freiheit&#8230;<\/p>\n\n\n\n<ul><li>Philip Guston: Die letzten Gem\u00e4lde (Kevin Power)<\/li><li>Willem de Kooning: Der letzte Durchbruch (Dan Cameron)<\/li><\/ul>\n\n\n\n<p>HIRMER-VERLAG M\u00dcNCHEN 1996<\/p>\n\n\n\n<hr class=\"wp-block-separator\"\/>\n\n\n\n<p>Aristide Maillol<br>Ursel Berger &amp; J\u00f6rg Zutter (Hrsg.)<\/p>\n\n\n\n<ul><li>Maillol und die franz\u00f6sische Skulptur zwischen den Kriegen (Paul-Louis Rinuy)<\/li><li>Portrait des K\u00fcnstlers als Grieche (Pierre Vaisse)<\/li><\/ul>\n\n\n\n<p>PRESTEL-VERLAG M\u00dcNCHEN 1996<\/p>\n\n\n\n<hr class=\"wp-block-separator\"\/>\n\n\n\n<p>Die Sammlung Kahnweiler \u2013 Von Gris, Braque, L\u00e9ger und Klee bis Picasso<br>Hans Albert Peters (Hrsg.)<\/p>\n\n\n\n<ul><li>Die K\u00fcnstlerbiographien<\/li><li>Kahnweilers B\u00fccher (Fran\u00e7ois Champon)<\/li><\/ul>\n\n\n\n<p>PRESTEL-VERLAG M\u00dcNCHEN 1995<\/p>\n\n\n\n<hr class=\"wp-block-separator\"\/>\n\n\n\n<p>Salvador Dal\u00ed \u2013 Das druckgraphische Werk 1924 \u2013 1980 ( 2 B\u00e4nde)<br>Ralf Michler &amp; Lutz W. L\u00f6psinger (Hrsg.)<\/p>\n\n\n\n<ul><li>Salvador Dal\u00ed: Das graphische Werk (Robert Descharnes)<\/li><li>Dal\u00eds Auseinandersetzung mit der Lithographie (Robert Descharnes)<\/li><\/ul>\n\n\n\n<p>PRESTEL-VERLAG M\u00dcNCHEN 1995<\/p>\n\n\n\n<hr class=\"wp-block-separator\"\/>\n\n\n\n<p>Der fr\u00fche Kandinsky 1900-1910<br>Magdalena M. Moeller (Hrsg.)<\/p>\n\n\n\n<ul><li>Kandinskys Hauskataloge: Kategorien, Formate, Stilmittel (Vivian Endicott Barnett)<\/li><li>Die Volksmytologie: eine visuelle Sprache?(Natasha Kurchanova)<\/li><li>Vom M\u00e4rchen zur Abstraktion. Kandinsky 1910 \u2013 Avantgarde oder regressiver Modernismus?(Rose-Carol Washton Long)<\/li><\/ul>\n\n\n\n<p>HIRMER-VERLAG M\u00dcNCHEN 1994<\/p>\n\n\n\n<hr class=\"wp-block-separator\"\/>\n\n\n\n<p>Die Nabis \u2013 Propheten der Moderne<br>Claire Fr\u00e8ches-Thory &amp; Ursula Perucchi-Petri (Hrsg.)<\/p>\n\n\n\n<ul><li>Die Druckgraphik der Nabis (Fran\u00e7ois Fossier)<\/li><\/ul>\n\n\n\n<p>PRESTEL-VERLAG M\u00dcNCHEN 1993<\/p>\n\n\n\n<hr class=\"wp-block-separator\"\/>\n\n\n\n<p>Stephan Koja<br>Georges Rouault \u2013 Malerei und Graphik<\/p>\n\n\n\n<ul><li>Zeitzeugen \u00fcber Georges Rouault<\/li><\/ul>\n\n\n\n<p>PRESTEL-VERLAG M\u00dcNCHEN 1993<\/p>\n\n\n\n<hr class=\"wp-block-separator\"\/>\n\n\n\n<p>Clyfford Still<br>Thomas Kellein (Hrsg.)<\/p>\n\n\n\n<ul><li>Biographie (Patricia Still)<\/li><\/ul>\n\n\n\n<p>PRESTEL-VERLAG M\u00dcNCHEN 1992<\/p>\n\n\n\n<hr class=\"wp-block-separator\"\/>\n\n\n\n<p>Die Sammlung Ludwig, Picasso<br>Evelyn Weiss &amp; Maria Teresa Oca\u00f1a (Hrsg.)<\/p>\n\n\n\n<ul><li>Die Zeichnungen und \u00d6lbilder der Sammlung Ludwig (Pierre Daix)<\/li><\/ul>\n\n\n\n<p>PRESTEL-VERLAG M\u00dcNCHEN 1992<\/p>\n\n\n\n<hr class=\"wp-block-separator\"\/>\n\n\n\n<p>Kandinsky<br>Vivian Endicott Barnett (Hrsg.)<br>Werkverzeichnis der Aquarelle, Zwei B\u00e4nde 1900\u20131944<\/p>\n\n\n\n<ul><li>Die Beziehung zwischen Kandinskys Aquarellen und Gem\u00e4lden, Kurzbiographie (Vivian Endicott Barnett) &nbsp;<\/li><\/ul>\n\n\n\n<p><\/p>\n\n\n\n<ul><li>Kandinskys Hauskatalog der Farbigen Zeichnungen (Katharina Katz)<\/li><\/ul>\n\n\n\n<p>C. H. BECK VERLAG M\u00dcNCHEN 1992<\/p>\n\n\n\n<hr class=\"wp-block-separator\"\/>\n\n\n\n<p>Westf\u00e4lisches Landesmuseum f\u00fcr Kunst und Kunstgeschichte M\u00fcnster (Hrsg.)<\/p>\n\n\n\n<p>Ellsworth Kelly \u2013 Die Jahre in Frankreich 1948-1954<\/p>\n\n\n\n<ul><li>Kelly in Frankreich oder Die Anti-Komposition in ihren verschiedenen Stadien&nbsp; &nbsp; &nbsp; &nbsp; &nbsp; &nbsp; &nbsp; &nbsp; (Yve-Alain Bois)<\/li><li>Jours de F\u00eate (Alfred Pacquement)<\/li><li>Chronologie, Dank und Vorbemerkungen (Nathalie Brunet)<\/li><\/ul>\n\n\n\n<p>PRESTEL-VERLAG M\u00dcNCHEN 1992<\/p>\n\n\n\n<hr class=\"wp-block-separator\"\/>\n\n\n\n<p>Marie-Laure Bernadac<br>Picasso Museum Paris \u2013 Die Meisterwerke<\/p>\n\n\n\n<p>PRESTEL-VERLAG M\u00dcNCHEN 1991<\/p>\n\n\n\n<hr class=\"wp-block-separator\"\/>\n\n\n\n<p>Werner Schmalenbach<br>Modigliani<\/p>\n\n\n\n<ul><li>Zeitgenossen \u00fcber Modigliani<\/li><\/ul>\n\n\n\n<p>PRESTEL-VERLAG M\u00dcNCHEN 1990<\/p>\n","protected":false},"excerpt":{"rendered":"<p>20. Jahrhundert Internationale Tagung Davos (28. Juni \u2013 1. Juli 2018) Kirchner Neu GedachtAnnick Haldemann, Wolfgang Henze und Martina Nommsen (Hrsg.) Kirchner, van Gogh und die Debatte um \u00bbGenie und Wahnsinn\u00ab (Laura Prins) \u00bbEx malis minima\u00ab. Kirchner, Simmel und die \u00bbtragische Maske\u00ab der Prostitution&nbsp;&nbsp;&nbsp;&nbsp;&nbsp;&nbsp;&nbsp;&nbsp;&nbsp;&nbsp; (Marta Pichio) Der Einfluss der Literatur auf die Phantasiegem\u00e4lde Erst Ludwig [&hellip;]<\/p>\n","protected":false},"author":1,"featured_media":0,"parent":41,"menu_order":0,"comment_status":"closed","ping_status":"closed","template":"","meta":[],"_links":{"self":[{"href":"https:\/\/ingrid-hacker-klier.com\/web\/wp-json\/wp\/v2\/pages\/92"}],"collection":[{"href":"https:\/\/ingrid-hacker-klier.com\/web\/wp-json\/wp\/v2\/pages"}],"about":[{"href":"https:\/\/ingrid-hacker-klier.com\/web\/wp-json\/wp\/v2\/types\/page"}],"author":[{"embeddable":true,"href":"https:\/\/ingrid-hacker-klier.com\/web\/wp-json\/wp\/v2\/users\/1"}],"replies":[{"embeddable":true,"href":"https:\/\/ingrid-hacker-klier.com\/web\/wp-json\/wp\/v2\/comments?post=92"}],"version-history":[{"count":18,"href":"https:\/\/ingrid-hacker-klier.com\/web\/wp-json\/wp\/v2\/pages\/92\/revisions"}],"predecessor-version":[{"id":219,"href":"https:\/\/ingrid-hacker-klier.com\/web\/wp-json\/wp\/v2\/pages\/92\/revisions\/219"}],"up":[{"embeddable":true,"href":"https:\/\/ingrid-hacker-klier.com\/web\/wp-json\/wp\/v2\/pages\/41"}],"wp:attachment":[{"href":"https:\/\/ingrid-hacker-klier.com\/web\/wp-json\/wp\/v2\/media?parent=92"}],"curies":[{"name":"wp","href":"https:\/\/api.w.org\/{rel}","templated":true}]}}