{"id":90,"date":"2019-10-20T13:14:47","date_gmt":"2019-10-20T11:14:47","guid":{"rendered":"https:\/\/ingrid-hacker-klier.com\/web\/?page_id=90"},"modified":"2019-10-29T15:26:51","modified_gmt":"2019-10-29T14:26:51","slug":"19-20-jahrhundert","status":"publish","type":"page","link":"https:\/\/ingrid-hacker-klier.com\/web\/uebersetzungen\/kunstgeschichte-2\/19-20-jahrhundert\/","title":{"rendered":"19.\/20 Jahrhundert"},"content":{"rendered":"\n<h3>19.\/20 Jahrhundert<\/h3>\n\n\n\n<p>Kunsthaus Z\u00fcrich<\/p>\n\n\n\n<p>Gefeiert und verspottet. Franz\u00f6sische Malerei 1820\u20131880<\/p>\n\n\n\n<ul><li>Der Weg der Landschaftsmalerei in die Moderne: \u00dcberg\u00e4nge im 19. Jahrhundert<br>(James H. Rubin) \u00a0 \u00a0 \u00a0<\/li><\/ul>\n\n\n\n<p><\/p>\n\n\n\n<p>HIRMER-VERLAG M\u00dcNCHEN 2017<\/p>\n\n\n\n<hr class=\"wp-block-separator\"\/>\n\n\n\n<p>Schirn Kunsthalle Frankfurt \u2013 Neue Galerie New York<\/p>\n\n\n\n<p>Richard Gerstl &#8211; Retrospektive<br>Ingrid Pfeiffer und Jill Lloyd (Hrsg.)<\/p>\n\n\n\n<ul><li>Ein Lied an die Sirene. Die Dreiecksbeziehung zwischen Richard Gerstl, Arnold und Mathilde Sch\u00f6nberg. (Raymond Coffer )<\/li><\/ul>\n\n\n\n<p>HIRMER VERLAG M\u00fcnchen 2017<\/p>\n\n\n\n<hr class=\"wp-block-separator\"\/>\n\n\n\n<p>Museum Barberini Potsdam<\/p>\n\n\n\n<p>Impressionismus \u2013 Die Kunst der Landschaft<br>Ortrud Westheider und Michael Philipp (Hrsg.)<\/p>\n\n\n\n<ul><li>Fragmentierung der Landschaft \u2013 Die k\u00fcnstlerische Handschrift des Impressionismus (Richard Shiff)<\/li><\/ul>\n\n\n\n<p>PRESTEL VERLAG M\u00fcnchen 2017<\/p>\n\n\n\n<hr class=\"wp-block-separator\"\/>\n\n\n\n<p>Kunsthalle M\u00fcnchen<\/p>\n\n\n\n<p>Joaqu\u00edn Sorolla \u2013 Spaniens Meister des Lichts<br>Roger Diederen, Mar\u00eda L\u00f3pez Fern\u00e1ndez &amp; Blanca Pons-Sorolla (Hrsg.)<\/p>\n\n\n\n<p>HIRMER VERLAG M\u00fcnchen 2016<\/p>\n\n\n\n<hr class=\"wp-block-separator\"\/>\n\n\n\n<p>Kunsthalle Bielefeld, University of California, Berkeley Art Museum and Pacific Film Archive<\/p>\n\n\n\n<p>CREATION IN FORM AND COLOR: Hans Hofmann<br>Lucinda Barnes und Jutta H\u00fclsewig-Johnen (Hrsg.)<\/p>\n\n\n\n<ul><li>Push and Pull (Lucinda Barnes)<\/li><\/ul>\n\n\n\n<p>HIRMER VERLAG M\u00fcnchen 2016<\/p>\n\n\n\n<hr class=\"wp-block-separator\"\/>\n\n\n\n<p>St\u00e4del Museum Frankfurt<\/p>\n\n\n\n<p>Monet und die Geburt des Impressionismus<br>Max Hollein (Hrsg.)<\/p>\n\n\n\n<ul><li>Einladend oder abweisend? (Hollis Clayson)<\/li><li>Vom Non Fini zur Impression (Isolde Pludermacher)<\/li><\/ul>\n\n\n\n<p>PRESTEL-VERLAG M\u00dcNCHEN 2015<\/p>\n\n\n\n<hr class=\"wp-block-separator\"\/>\n\n\n\n<p>Staatliche Kunsthalle Karlsruhe<\/p>\n\n\n\n<p>Degas \u2013 Klassik und Experiment<\/p>\n\n\n\n<ul><li>Degas \u2013 Manet. Eine facettenreiche und vitale Beziehung (MaryAnn Stevens)<\/li><\/ul>\n\n\n\n<p>HIRMER-VERLAG M\u00dcNCHEN 2014<\/p>\n\n\n\n<hr class=\"wp-block-separator\"\/>\n\n\n\n<p>Schirn Kunsthalle Frankfurt<\/p>\n\n\n\n<p>Esprit Montmartre \u2013 Die Boh\u00e8me in Paris um 1900<\/p>\n\n\n\n<ul><li>Kunst, Boh\u00e8me und Jugend. Katalanische K\u00fcnstler am Montmartre (Vinyet Panyella)<\/li><\/ul>\n\n\n\n<p>HIRMER-VERLAG M\u00dcNCHEN 2014<\/p>\n\n\n\n<hr class=\"wp-block-separator\"\/>\n\n\n\n<p>Wallraf-Richartz-Museum &amp; Fondation Corboud K\u00f6ln<\/p>\n\n\n\n<p>Die Kathedrale<br>Romantik \u2013 Impressionismus \u2013 Moderne<\/p>\n\n\n\n<ul><li>Gru\u00dfwort (Laurent Fabius)<\/li><li>Goethes Moment der Erkenntnis \u2013 eine ver\u00e4nderte Sichtweise (Roland Recht)<\/li><li>Victor Hugo (S\u00e9gol\u00e8ne Le Men)<\/li><\/ul>\n\n\n\n<p>HIRMER-VERLAG M\u00dcNCHEN 2014<\/p>\n\n\n\n<hr class=\"wp-block-separator\"\/>\n\n\n\n<p>Museum Folkwang Essen<\/p>\n\n\n\n<p>Im Farbenrausch<br>Munch, Matisse und die Expressionisten<\/p>\n\n\n\n<ul><li>Marc und Macke \u2013 Erste Blicke nach Frankreich (Jill Lloyd)<\/li><\/ul>\n\n\n\n<p>STEIDL VERLAG G\u00d6TTINGEN 2012<\/p>\n\n\n\n<hr class=\"wp-block-separator\"\/>\n\n\n\n<p>Nordlicht (1890-1920) &#8211; Finnlands Aufbruch zur Moderne<br>Stephan Koja (Hrsg.)<\/p>\n\n\n\n<ul><li>Panorama der Ideen (Rainer Knapas)<\/li><li>Landschaft als Spiegelbild der Seele (Leena Ahtola-Moorehouse, Timo Huusko)<\/li><li>Auf der Suche nach neuen Ausdrucksmitteln (Helmiriita Sariola, Soili Sinisalo)<\/li><li>Im Angesicht einer neuen Realit\u00e4t (Riita Ojanper\u00e4, Katri Vuola)<\/li><\/ul>\n\n\n\n<p>PRESTEL-VERLAG M\u00dcNCHEN 2005<\/p>\n\n\n\n<hr class=\"wp-block-separator\"\/>\n\n\n\n<p>C\u00e9zanne, Manet, Schuch: Drei Wege zur autonomen Kunst<br>Brigitte Buberl (Hrsg.)<\/p>\n\n\n\n<ul><li>Schuch in Paris (Isabelle Cahn)<\/li><li>Manet: \u00bbAuf Anhieb malen, was man sieht\u00ab (Juliet Wilson-Bareau)<\/li><\/ul>\n\n\n\n<p>HIRMER-VERLAG M\u00dcNCHEN 2000<\/p>\n\n\n\n<hr class=\"wp-block-separator\"\/>\n\n\n\n<p>ViceVersa<br>Deutsche Maler in Amerika<br>Amerikanische Maler in Deutschland (1813\u20131913)<br>Katharina und Gerhard Bott (Hrsg.)<\/p>\n\n\n\n<ul><li>Aus Deutschland eingewanderte K\u00fcnstler in Amerika: ein \u00dcberblick (Peter C. Merrill)<\/li><li>Amerikanische \u00bbMalerschulen\u00ab in Deutschland: Der Einflu\u00df von Emanuel Leutze und Frank Duveneck (Anne Rosseter Norcross)<\/li><li>Die \u00bbD\u00fcsseldorf Gallery\u00ab \u2013 \u00bbDie D\u00fcsseldorfer Gem\u00e4ldesammlung bildete eine \u00c4ra der amerikanischen Kunst.\u00ab (William H. Gerdts)<\/li><li>Die \u00bbD\u00fcsseldorf Gallery\u00ab- \u00bbAktivit\u00e4ten in Deutschland\u00ab (Dawn M. Leach)<\/li><li>\u00bbEine Art von br\u00fcderlicher Gemeinschaft\u00ab \u2013 Die \u00bbD\u00fcsseldorf-Connection\u00ab in den Ateliers an der Tenth Street (Annette Blaugrund)<\/li><li>William Merrit Chase und das Verm\u00e4chtnis von M\u00fcnchen: Die Amerikanisierung eines \u00bbintensiven, unsch\u00f6nen Realismus\u00ab (Barbara D. Gallati)<\/li><li>Der vergessene K\u00fcnstler: J. Frank Currier (William H. Gerdts)<\/li><li>Carl Marr: Leben und Werk (Thomas D. Lidtke)<\/li><li>Brennpunkt Deutschland: K\u00fcnstler aus Cincinnati in D\u00fcsseldorf und M\u00fcnchen (John Wilson)<\/li><li>Gari Melchers: Die Aufnahme eines Amerikaners in Deutschland (Joanna DeGilio Catron)<\/li><li>Die Avantgarde am Vorabend der Apokalypse (Dennis Crocket)<\/li><\/ul>\n\n\n\n<p>HIRMER-VERLAG M\u00dcNCHEN 1996<\/p>\n\n\n\n<hr class=\"wp-block-separator\"\/>\n\n\n\n<p>Museum Villa Stuck M\u00fcnchen<\/p>\n\n\n\n<p>Lo\u00efe Fuller \u2013 Getanzter Jugendstil<br>Jo-Anne Birnie Danzker (Hrsg.)<\/p>\n\n\n\n<ul><li>Erstarrte Pose? Photographie des Tanzes (Fran\u00e7oise Le Coz)<\/li><li>Freundschaft mit Rodin (H\u00e9l\u00e8ne Pinet)<\/li><\/ul>\n\n\n\n<p>PRESTEL-VERLAG M\u00dcNCHEN 1995<\/p>\n\n\n\n<hr class=\"wp-block-separator\"\/>\n\n\n\n<p>Viktorianische Malerei \u2013 Von Turner bis Whistler<br>R. Hamlyn, Ch. Heilmann, Ch. Newall &amp; J. Treuherz (Hrsg.)<\/p>\n\n\n\n<ul><li>Die Viktorianische Malerei und Europa und die Bildkommentare (Christopher Newall)<\/li><\/ul>\n\n\n\n<p>PRESTEL-VERLAG M\u00dcNCHEN 1993<\/p>\n\n\n\n<hr class=\"wp-block-separator\"\/>\n\n\n\n<p>Joachim Pissarro<br>Camille Pissarro&nbsp;<\/p>\n\n\n\n<p>HIRMER-VERLAG M\u00dcNCHEN 1993<\/p>\n\n\n\n<hr class=\"wp-block-separator\"\/>\n\n\n\n<p>Rodin \u2013 Eros und Kreativit\u00e4t<br>R. Crone und S. Salzmann (Hrsg.)<\/p>\n\n\n\n<ul><li>Rodin und seine Modelle: Der Skandal (Alain Kirili)<\/li><\/ul>\n\n\n\n<p>PRESTEL-VERLAG M\u00dcNCHEN 1991<\/p>\n\n\n\n<hr class=\"wp-block-separator\"\/>\n\n\n\n<p>Auguste Rodin, Das H\u00f6llentor \u2013 Zeichnungen und Plastik<br>Manfred Fath &amp; J. A. Schmoll, gen. Eisenwerth (Hrsg.)<\/p>\n\n\n\n<ul><li>Texte zum H\u00f6llentor (u. a. Goncourt, Anatole France)<\/li><\/ul>\n\n\n\n<p>PRESTEL-VERLAG M\u00dcNCHEN 1991<\/p>\n\n\n\n<hr class=\"wp-block-separator\"\/>\n\n\n\n<p>Keiichi Tahara<br>Jugendstil \u2013 Aufbruch zu einer neuen Architektur<\/p>\n\n\n\n<p>HARENBERG VERLAG DORTMUND 1991<\/p>\n\n\n\n<hr class=\"wp-block-separator\"\/>\n\n\n\n<p>Diane Kelder<br>Die gro\u00dfen Impressionisten<\/p>\n\n\n\n<p>HIRMER-VERLAG M\u00dcNCHEN 1981<\/p>\n","protected":false},"excerpt":{"rendered":"<p>19.\/20 Jahrhundert Kunsthaus Z\u00fcrich Gefeiert und verspottet. Franz\u00f6sische Malerei 1820\u20131880 Der Weg der Landschaftsmalerei in die Moderne: \u00dcberg\u00e4nge im 19. Jahrhundert(James H. Rubin) \u00a0 \u00a0 \u00a0 HIRMER-VERLAG M\u00dcNCHEN 2017 Schirn Kunsthalle Frankfurt \u2013 Neue Galerie New York Richard Gerstl &#8211; RetrospektiveIngrid Pfeiffer und Jill Lloyd (Hrsg.) Ein Lied an die Sirene. Die Dreiecksbeziehung zwischen Richard [&hellip;]<\/p>\n","protected":false},"author":1,"featured_media":0,"parent":41,"menu_order":0,"comment_status":"closed","ping_status":"closed","template":"","meta":[],"_links":{"self":[{"href":"https:\/\/ingrid-hacker-klier.com\/web\/wp-json\/wp\/v2\/pages\/90"}],"collection":[{"href":"https:\/\/ingrid-hacker-klier.com\/web\/wp-json\/wp\/v2\/pages"}],"about":[{"href":"https:\/\/ingrid-hacker-klier.com\/web\/wp-json\/wp\/v2\/types\/page"}],"author":[{"embeddable":true,"href":"https:\/\/ingrid-hacker-klier.com\/web\/wp-json\/wp\/v2\/users\/1"}],"replies":[{"embeddable":true,"href":"https:\/\/ingrid-hacker-klier.com\/web\/wp-json\/wp\/v2\/comments?post=90"}],"version-history":[{"count":8,"href":"https:\/\/ingrid-hacker-klier.com\/web\/wp-json\/wp\/v2\/pages\/90\/revisions"}],"predecessor-version":[{"id":177,"href":"https:\/\/ingrid-hacker-klier.com\/web\/wp-json\/wp\/v2\/pages\/90\/revisions\/177"}],"up":[{"embeddable":true,"href":"https:\/\/ingrid-hacker-klier.com\/web\/wp-json\/wp\/v2\/pages\/41"}],"wp:attachment":[{"href":"https:\/\/ingrid-hacker-klier.com\/web\/wp-json\/wp\/v2\/media?parent=90"}],"curies":[{"name":"wp","href":"https:\/\/api.w.org\/{rel}","templated":true}]}}