{"id":87,"date":"2019-10-20T13:05:27","date_gmt":"2019-10-20T11:05:27","guid":{"rendered":"https:\/\/ingrid-hacker-klier.com\/web\/?page_id=87"},"modified":"2019-10-23T15:30:29","modified_gmt":"2019-10-23T13:30:29","slug":"18-19-jahrhundert","status":"publish","type":"page","link":"https:\/\/ingrid-hacker-klier.com\/web\/uebersetzungen\/kunstgeschichte-2\/18-19-jahrhundert\/","title":{"rendered":"18.\/19. Jahrhundert"},"content":{"rendered":"\n<h3>18.\/19. Jahrhundert<\/h3>\n\n\n\n<p>Kunstmuseum Luzern<\/p>\n\n\n\n<p>J. M. Turner \u2013 LUZERNER SKIZZENBUCH<\/p>\n\n\n\n<ul><li>Einf\u00fchrung (David Blayney Brown)<\/li><\/ul>\n\n\n\n<p>HIRMER-VERLAG M\u00dcNCHEN 2019<\/p>\n\n\n\n<hr class=\"wp-block-separator\"\/>\n\n\n\n<p>Hamburger Kunsthalle<\/p>\n\n\n\n<p>THOMAS GAINSBOROUGH \u2013 Die moderne Landschaft<\/p>\n\n\n\n<ul><li>\u201eAuf diesem Gebiet ein sehr gro\u00dfes Genie\u201c. Gainsborough wird Landschaftsmaler (Mark Bills)<\/li><li>Gainsborough bei der Arbeit an seinen Landschaften (Rica Jones)<\/li><li>Doppelte Meisterschaft. Gainsborough in der Sommerausstellung (Mark Hallet)<\/li><\/ul>\n\n\n\n<p>HIRMER-VERLAG M\u00dcNCHEN 2017<\/p>\n\n\n\n<hr class=\"wp-block-separator\"\/>\n\n\n\n<p>St\u00e4del Museum Frankfurt<\/p>\n\n\n\n<p>Sch\u00f6nheit und Revolution \u2013 Klassizismus 1770\u20131820<br>Max Hollein (Hrsg.)<\/p>\n\n\n\n<ul><li>Revolution. Eine Nation erfindet sich neu (David Bindman)<\/li><li>Das Umrei\u00dfen einer Idee. Ein k\u00fcnstlerischer Neubeginn (David Bindman)<\/li><\/ul>\n\n\n\n<p>HIRMER-VERLAG M\u00dcNCHEN 2013<\/p>\n\n\n\n<hr class=\"wp-block-separator\"\/>\n\n\n\n<p>Bucerius Kunst Forum Hamburg<\/p>\n\n\n\n<p>William Turner &#8211; Maler der Elemente<\/p>\n\n\n\n<ul><li>\u201eIn lichtstrahlendem Wettstreit\u201c. Turner und die neue Naturauffassung von 1800 bis 1850 (James Hamilton)<\/li><li>\u201eWasser \u2013 Element des Geistes\u201c. William Turners Metaphern des K\u00fcnstlerischen (Barry Venning)<\/li><\/ul>\n\n\n\n<p>HIRMER-VERLAG M\u00dcNCHEN 2011<\/p>\n\n\n\n<hr class=\"wp-block-separator\"\/>\n\n\n\n<p>Kunsthalle M\u00fcnchen<\/p>\n\n\n\n<p>Madame de Pompadour und die K\u00fcnste<br>Xavier Salmon &amp; Johann Georg Prinz von Hohenzollern (Hrsg.)<\/p>\n\n\n\n<ul><li>Vorwort, Einf\u00fchrung, Madame de Pompadour und die Malerei und Die Legendenbildung (Xavier Salmon)<\/li><li>Madame de Pompadour im \u00bbSalon\u00ab (Humphrey Wine)<\/li><li>Madame de Pompadour und \u00bbles Enfants de Boucher\u00ab (Alastair Laing)<\/li><li>Das kunstsinnige Geschwisterpaar: Der Einflu\u00df des Marquis de Marigny auf Madame de Pompadour (Alden R. Gordon)<\/li><li>Katalognummern: 1\u20135, 8, 9, 11, 12, 14\u201319, 23, 25, 27, 30\u201334, 36\u201342, 46, 47, 54\u201358, 60\u201363, 65, 67\u201370, 202\u2013204<\/li><\/ul>\n\n\n\n<p>HIRMER-VERLAG M\u00dcNCHEN 2002<\/p>\n\n\n\n<hr class=\"wp-block-separator\"\/>\n\n\n\n<p>Mengs. Die Erfindung des Klassizismus<br>Jos\u00e9 Luis Sancho &amp; Javier Jord\u00e1n de Urr\u00edes y de la Colina (Hrsg.)<\/p>\n\n\n\n<ul><li>Mengs und Spanien<\/li><\/ul>\n\n\n\n<p>HIRMER-VERLAG M\u00dcNCHEN 2001<\/p>\n\n\n\n<hr class=\"wp-block-separator\"\/>\n\n\n\n<p>Fred Licht<br>Goya \u2013 Die Geburt der Moderne&nbsp;<\/p>\n\n\n\n<p>HIRMER-VERLAG M\u00dcNCHEN 2001<\/p>\n\n\n\n<hr class=\"wp-block-separator\"\/>\n\n\n\n<p>Georges Vignes<br>Ingres<\/p>\n\n\n\n<p>HIRMER-VERLAG M\u00dcNCHEN 1995<br><\/p>\n","protected":false},"excerpt":{"rendered":"<p>18.\/19. Jahrhundert Kunstmuseum Luzern J. M. Turner \u2013 LUZERNER SKIZZENBUCH Einf\u00fchrung (David Blayney Brown) HIRMER-VERLAG M\u00dcNCHEN 2019 Hamburger Kunsthalle THOMAS GAINSBOROUGH \u2013 Die moderne Landschaft \u201eAuf diesem Gebiet ein sehr gro\u00dfes Genie\u201c. Gainsborough wird Landschaftsmaler (Mark Bills) Gainsborough bei der Arbeit an seinen Landschaften (Rica Jones) Doppelte Meisterschaft. Gainsborough in der Sommerausstellung (Mark Hallet) HIRMER-VERLAG [&hellip;]<\/p>\n","protected":false},"author":1,"featured_media":0,"parent":41,"menu_order":0,"comment_status":"closed","ping_status":"closed","template":"","meta":[],"_links":{"self":[{"href":"https:\/\/ingrid-hacker-klier.com\/web\/wp-json\/wp\/v2\/pages\/87"}],"collection":[{"href":"https:\/\/ingrid-hacker-klier.com\/web\/wp-json\/wp\/v2\/pages"}],"about":[{"href":"https:\/\/ingrid-hacker-klier.com\/web\/wp-json\/wp\/v2\/types\/page"}],"author":[{"embeddable":true,"href":"https:\/\/ingrid-hacker-klier.com\/web\/wp-json\/wp\/v2\/users\/1"}],"replies":[{"embeddable":true,"href":"https:\/\/ingrid-hacker-klier.com\/web\/wp-json\/wp\/v2\/comments?post=87"}],"version-history":[{"count":5,"href":"https:\/\/ingrid-hacker-klier.com\/web\/wp-json\/wp\/v2\/pages\/87\/revisions"}],"predecessor-version":[{"id":141,"href":"https:\/\/ingrid-hacker-klier.com\/web\/wp-json\/wp\/v2\/pages\/87\/revisions\/141"}],"up":[{"embeddable":true,"href":"https:\/\/ingrid-hacker-klier.com\/web\/wp-json\/wp\/v2\/pages\/41"}],"wp:attachment":[{"href":"https:\/\/ingrid-hacker-klier.com\/web\/wp-json\/wp\/v2\/media?parent=87"}],"curies":[{"name":"wp","href":"https:\/\/api.w.org\/{rel}","templated":true}]}}