{"id":8,"date":"2019-10-12T16:12:14","date_gmt":"2019-10-12T14:12:14","guid":{"rendered":"http:\/\/ingrid-hacker-klier.com\/web\/?page_id=8"},"modified":"2020-05-18T10:44:41","modified_gmt":"2020-05-18T08:44:41","slug":"home","status":"publish","type":"page","link":"https:\/\/ingrid-hacker-klier.com\/web\/home\/","title":{"rendered":"Home"},"content":{"rendered":"\n<div style=\"text-align: center;\">\n  <h3 style=\"text-align:left; display: inline-block;\">\n    <em>Mit redlichem Gef\u00fchl einmal<\/em><br>\n    <em>Das heilige Original<\/em><br>\n    <em>In mein geliebtes Deutsch zu \u00fcbertragen<\/em>\n  <\/h3>\n<\/div>\n\n\n\n<div style=\"height:20px\" aria-hidden=\"true\" class=\"wp-block-spacer\"><\/div>\n\n\n\n<p style=\"text-align:right\">Johann Wolfgang von Goethe,<br>Faust, der Trag\u00f6die erster Teil,<br>Vers 1223<\/p>\n","protected":false},"excerpt":{"rendered":"<p>Mit redlichem Gef\u00fchl einmal Das heilige Original In mein geliebtes Deutsch zu \u00fcbertragen Johann Wolfgang von Goethe,Faust, der Trag\u00f6die erster Teil,Vers 1223<\/p>\n","protected":false},"author":1,"featured_media":10,"parent":0,"menu_order":0,"comment_status":"closed","ping_status":"closed","template":"","meta":[],"_links":{"self":[{"href":"https:\/\/ingrid-hacker-klier.com\/web\/wp-json\/wp\/v2\/pages\/8"}],"collection":[{"href":"https:\/\/ingrid-hacker-klier.com\/web\/wp-json\/wp\/v2\/pages"}],"about":[{"href":"https:\/\/ingrid-hacker-klier.com\/web\/wp-json\/wp\/v2\/types\/page"}],"author":[{"embeddable":true,"href":"https:\/\/ingrid-hacker-klier.com\/web\/wp-json\/wp\/v2\/users\/1"}],"replies":[{"embeddable":true,"href":"https:\/\/ingrid-hacker-klier.com\/web\/wp-json\/wp\/v2\/comments?post=8"}],"version-history":[{"count":15,"href":"https:\/\/ingrid-hacker-klier.com\/web\/wp-json\/wp\/v2\/pages\/8\/revisions"}],"predecessor-version":[{"id":201,"href":"https:\/\/ingrid-hacker-klier.com\/web\/wp-json\/wp\/v2\/pages\/8\/revisions\/201"}],"wp:featuredmedia":[{"embeddable":true,"href":"https:\/\/ingrid-hacker-klier.com\/web\/wp-json\/wp\/v2\/media\/10"}],"wp:attachment":[{"href":"https:\/\/ingrid-hacker-klier.com\/web\/wp-json\/wp\/v2\/media?parent=8"}],"curies":[{"name":"wp","href":"https:\/\/api.w.org\/{rel}","templated":true}]}}