{"id":73,"date":"2019-10-16T20:41:10","date_gmt":"2019-10-16T18:41:10","guid":{"rendered":"https:\/\/ingrid-hacker-klier.com\/web\/?page_id=73"},"modified":"2019-10-29T15:31:34","modified_gmt":"2019-10-29T14:31:34","slug":"aussereuropaeische-kulturen","status":"publish","type":"page","link":"https:\/\/ingrid-hacker-klier.com\/web\/uebersetzungen\/aussereuropaeische-kulturen\/","title":{"rendered":"Au\u00dfereurop\u00e4ische Kulturen"},"content":{"rendered":"\n<h2>Au\u00dfereurop\u00e4ische Kulturen<\/h2>\n\n\n\n<p>CROSSING CHINA \u2013 Land of the Rising Art Scene<br>G\u00e9rard A. Goodrow (Hrsg.)<\/p>\n\n\n\n<p>Shanghai als Methode. Die Stadt und ihre Artefakte (H. Koon Wee)<\/p>\n\n\n\n<p>DAAB MEDIA GMBH K\u00f6ln 2014<\/p>\n\n\n\n<hr class=\"wp-block-separator\"\/>\n\n\n\n<p>KUNSTHALLE W\u00dcRTH Schw\u00e4bisch Hall<\/p>\n\n\n\n<p>MEXICANIDAD<\/p>\n\n\n\n<ul><li>Rufino Tamayo: Das Mexikanische im Werk Rufino Tamayos (Juan Carlos Pereda)<\/li><\/ul>\n\n\n\n<p>SWIRIDOFF VERLAG K\u00fcnzelsau 2012<\/p>\n\n\n\n<hr class=\"wp-block-separator\"\/>\n\n\n\n<p>GALER\u00cdA HILARIO GALGUERA MEXICO CITY \u2013 MEXICO CITY<\/p>\n\n\n\n<p>TRAVELERS \u2013 DANIEL LEZAMA<br>J\u00fcrgen Krieger (Hrsg.)<\/p>\n\n\n\n<ul><li>Briefe aus weiter Ferne. Gem\u00e4lde von Daniel Lezama, 2009 \u2013 2011 (Erik Castillo)<\/li><li>Ent-T\u00e4uschungen und Kapricen des Daniel Lezama. Ein italienischer Blickpunkt (Francesco Pellizzi)<\/li><li>Allegorien der Fahne (Hilario Galguera)<\/li><li>Anmerkungen zu einem kleinen Gem\u00e4lde. Schlusspunkt der Gem\u00e4ldeserie \u201eTravelers\u201c (Hilario Galguera)<\/li><\/ul>\n\n\n\n<p>JOVIS VERLAG Berlin 2012<\/p>\n\n\n\n<hr class=\"wp-block-separator\"\/>\n\n\n\n<p>FOUNDATION BEYELER BASEL<\/p>\n\n\n\n<p>Bildgewaltig &#8211; Afrika, Ozeanien und die Moderne<br>Oliver Wick und Antje Denner (Hrsg.)<\/p>\n\n\n\n<ul><li>Das vielschichtige Wesen der Masken (Marc Coulibaly)<\/li><li>Wandel, Kontinuit\u00e4t und stilistische Vielfalt (Adriaan &amp; Huib Blom)<\/li><li>Paddel, die keine sind \u2013 Ritualgegenst\u00e4nde von der Osterinse (Cath\u00e9rine &amp; Michel Orliac)<\/li><\/ul>\n\n\n\n<p>CHRISTOPH MERIAN VERLAG Basel 2009<\/p>\n\n\n\n<hr class=\"wp-block-separator\"\/>\n\n\n\n<p>James Putnam<br>Die \u00c4gypter &#8211; Kultur und Mythen<\/p>\n\n\n\n<p>TASCHEN-VERLAG K\u00f6ln 2008<\/p>\n\n\n\n<hr class=\"wp-block-separator\"\/>\n\n\n\n<p>Ana Cardinale &amp; Isabel de Estrada<br>Living in Argentina<br>Angelika Taschen (Hrsg.)<\/p>\n\n\n\n<p>TASCHEN-VERLAG K\u00f6ln 2008<\/p>\n\n\n\n<hr class=\"wp-block-separator\"\/>\n\n\n\n<p>Japan Style<br>Exteriors \u2013 Interiors \u2013 Details<br>Angelika Taschen (Hrsg.)<\/p>\n\n\n\n<p>TASCHEN-VERLAG K\u00f6ln 2008<\/p>\n\n\n\n<hr class=\"wp-block-separator\"\/>\n\n\n\n<p>Shanghai Style<br>Exteriors \u2013 Interiors \u2013 Details<br>Angelika Taschen (Hrsg.)<\/p>\n\n\n\n<p>TASCHEN-VERLAG K\u00f6ln 2008<\/p>\n\n\n\n<hr class=\"wp-block-separator\"\/>\n\n\n\n<p>Amina Okada &amp; Suzanne Held<br>Rajasthan<\/p>\n\n\n\n<p>HIRMER-VERLAG M\u00dcNCHEN 2000<\/p>\n\n\n\n<hr class=\"wp-block-separator\"\/>\n\n\n\n<p>Suzanne Held &amp; Herv\u00e9 Beaumont<br>Persien<\/p>\n\n\n\n<p>HIRMER-VERLAG M\u00dcNCHEN 2000<\/p>\n\n\n\n<hr class=\"wp-block-separator\"\/>\n\n\n\n<p>A. Arellano Hern\u00e1ndez, M. Ayala Falc\u00f3n, B. de la Fuente, M. de la Garza, L. Staines Cicero, B. Olmedo Vera<br>Maya \u2013 Die klassische Periode<\/p>\n\n\n\n<p>HIRMER-VERLAG M\u00dcNCHEN 1998<\/p>\n\n\n\n<hr class=\"wp-block-separator\"\/>\n\n\n\n<p>E. Nalda, A. Benavides Castillo, M. de la Garza, L. Staines Cicero, E. Matos Moctezuma<br>Maya \u2013 Die nachklassische Periode<\/p>\n\n\n\n<p>HIRMER-VERLAG M\u00dcNCHEN 1998<\/p>\n\n\n\n<hr class=\"wp-block-separator\"\/>\n\n\n\n<p>Lateinamerikanische Kunst im 20. Jahrhundert<br>Marc Scheps (Hrsg.)<\/p>\n\n\n\n<ul><li>Lateinamerika und der Surrealismus (Dore Ashton)<\/li><\/ul>\n\n\n\n<p>PRESTEL-VERLAG M\u00dcNCHEN 1993<\/p>\n\n\n\n<hr class=\"wp-block-separator\"\/>\n\n\n\n<p>Jill Leslie Furst &amp; Peter T. Furst<br>Mexico \u2013 Die Kunst der Olmeken, Mayas und Azteken<\/p>\n\n\n\n<p>HIRMER-VERLAG M\u00dcNCHEN 1981<\/p>\n","protected":false},"excerpt":{"rendered":"<p>Au\u00dfereurop\u00e4ische Kulturen CROSSING CHINA \u2013 Land of the Rising Art SceneG\u00e9rard A. Goodrow (Hrsg.) Shanghai als Methode. Die Stadt und ihre Artefakte (H. Koon Wee) DAAB MEDIA GMBH K\u00f6ln 2014 KUNSTHALLE W\u00dcRTH Schw\u00e4bisch Hall MEXICANIDAD Rufino Tamayo: Das Mexikanische im Werk Rufino Tamayos (Juan Carlos Pereda) SWIRIDOFF VERLAG K\u00fcnzelsau 2012 GALER\u00cdA HILARIO GALGUERA MEXICO CITY [&hellip;]<\/p>\n","protected":false},"author":1,"featured_media":0,"parent":26,"menu_order":0,"comment_status":"closed","ping_status":"closed","template":"","meta":[],"_links":{"self":[{"href":"https:\/\/ingrid-hacker-klier.com\/web\/wp-json\/wp\/v2\/pages\/73"}],"collection":[{"href":"https:\/\/ingrid-hacker-klier.com\/web\/wp-json\/wp\/v2\/pages"}],"about":[{"href":"https:\/\/ingrid-hacker-klier.com\/web\/wp-json\/wp\/v2\/types\/page"}],"author":[{"embeddable":true,"href":"https:\/\/ingrid-hacker-klier.com\/web\/wp-json\/wp\/v2\/users\/1"}],"replies":[{"embeddable":true,"href":"https:\/\/ingrid-hacker-klier.com\/web\/wp-json\/wp\/v2\/comments?post=73"}],"version-history":[{"count":12,"href":"https:\/\/ingrid-hacker-klier.com\/web\/wp-json\/wp\/v2\/pages\/73\/revisions"}],"predecessor-version":[{"id":182,"href":"https:\/\/ingrid-hacker-klier.com\/web\/wp-json\/wp\/v2\/pages\/73\/revisions\/182"}],"up":[{"embeddable":true,"href":"https:\/\/ingrid-hacker-klier.com\/web\/wp-json\/wp\/v2\/pages\/26"}],"wp:attachment":[{"href":"https:\/\/ingrid-hacker-klier.com\/web\/wp-json\/wp\/v2\/media?parent=73"}],"curies":[{"name":"wp","href":"https:\/\/api.w.org\/{rel}","templated":true}]}}