{"id":69,"date":"2019-10-16T20:35:55","date_gmt":"2019-10-16T18:35:55","guid":{"rendered":"https:\/\/ingrid-hacker-klier.com\/web\/?page_id=69"},"modified":"2021-12-04T18:40:05","modified_gmt":"2021-12-04T17:40:05","slug":"weitere-themen","status":"publish","type":"page","link":"https:\/\/ingrid-hacker-klier.com\/web\/uebersetzungen\/weitere-themen\/","title":{"rendered":"Weitere Themen"},"content":{"rendered":"\n<h2>Weitere Themen<\/h2>\n\n\n\n<p>PANDEMIE<br>Chronik eines Weltgeschehens<br>Marielle Eudes (Hg.)<\/p>\n\n\n\n<p>Knesebeck Verlag M\u00fcnchen 2021\u00a0<\/p>\n\n\n\n<hr class=\"wp-block-separator\"\/>\n\n\n\n<p>STEVE McCURRY  \u2013 DIE WELT IN MEINEN AUGEN<br>UNBEKANNTE BILDER<br>Mit einer Einf\u00fchrung von Pico Lye <\/p>\n\n\n\n<p>Knesebeck Verlag M\u00fcnchen 2020 <\/p>\n\n\n\n<hr class=\"wp-block-separator\"\/>\n\n\n\n<p>Bonnie McCurry<br>STEVE McCURRY \u2013 A LIFE IN PICTURES<br>EIN LEBEN F\u00dcR DIE FOTOGRAFIE<\/p>\n\n\n\n<p>Knesebeck Verlag M\u00fcnchen 2018<\/p>\n\n\n\n<hr class=\"wp-block-separator\"\/>\n\n\n\n<p>St\u00e4del Museum Frankfurt am Main<\/p>\n\n\n\n<p>Ursula Schulz-Dornburg<br>THE LAND IN-BETWEEN &#8211; Fotografien von 1980 bis 2012<br>Martin Engler (Hrsg.)<\/p>\n\n\n\n<ul><li>THE LAND IN-BETWEEN (Shoair Mavlian)<\/li><\/ul>\n\n\n\n<p>MACKBOOKS LONDON 2018<\/p>\n\n\n\n<hr class=\"wp-block-separator\"\/>\n\n\n\n<p>Berliner Festspiele \u2013 Martin-Gropius-Bau<\/p>\n\n\n\n<p>Pasolini Roma<\/p>\n\n\n\n<ul><li>S\u00e4mtliche Einleitungstexte<\/li><li>Alle Zwischentexte von Jordi Ball\u00f3 und Alain Bergala<\/li><\/ul>\n\n\n\n<p>PRESTEL-VERLAG M\u00dcNCHEN 2014<\/p>\n\n\n\n<hr class=\"wp-block-separator\"\/>\n\n\n\n<p>New Seaside Interiors<br>Angelika Taschen (Hrsg.)<\/p>\n\n\n\n<p>TASCHEN-VERLAG K\u00f6ln 2008<\/p>\n\n\n\n<hr class=\"wp-block-separator\"\/>\n\n\n\n<p>Jack Lang<br>Nelson Mandela<br>Mit einem Vorwort von Nadine Gordimer<\/p>\n\n\n\n<p>Artemis &amp; Winkler Patmos Verlagshaus D\u00fcsseldorf 2006<\/p>\n\n\n\n<hr class=\"wp-block-separator\"\/>\n\n\n\n<p>Robert M. Parker Jr.<br>Parker\u2019s Wein-Guide 2002<\/p>\n\n\n\n<ul><li>Einleitung, Elsass, Bordeaux, Rh\u00f4netal, Languedoc-Roussillon<\/li><\/ul>\n\n\n\n<p>HEYNE VERLAG M\u00dcNCHEN 2002<\/p>\n\n\n\n<hr class=\"wp-block-separator\"\/>\n\n\n\n<p>Robert M. Parker Jr.<br>Parker\u2019s Wein-Guide 2000<br>Frankreich<\/p>\n\n\n\n<p>HEYNE VERLAG M\u00dcNCHEN 2000<\/p>\n\n\n\n<hr class=\"wp-block-separator\"\/>\n\n\n\n<p>Thierry Beauvert<br>Rossini \u2013 Bonvivant und Gourmet<\/p>\n\n\n\n<p>HEYNE VERLAG M\u00dcNCHEN 1997<\/p>\n\n\n\n<hr class=\"wp-block-separator\"\/>\n\n\n\n<p>Ermine Herscher<br>Zu Gast bei Picasso<\/p>\n\n\n\n<p>HEYNE VERLAG M\u00dcNCHEN 1996<\/p>\n\n\n\n<hr class=\"wp-block-separator\"\/>\n\n\n\n<p>Robert M. Parker Jr.<br>Parker\u2019s Wein-Guide<br>Frankreich 1996<\/p>\n\n\n\n<p>HEYNE VERLAG M\u00dcNCHEN 1996<\/p>\n\n\n\n<hr class=\"wp-block-separator\"\/>\n\n\n\n<p>Robert M. Parker Jr.<br>Parker\u2019s Wein-Guide<br>Frankreich 1994<\/p>\n\n\n\n<p>HEYNE VERLAG M\u00dcNCHEN 1994<\/p>\n\n\n\n<hr class=\"wp-block-separator\"\/>\n\n\n\n<p>Terence Conran<br>Frankreich<\/p>\n\n\n\n<p>RV VERLAG BERLIN M\u00dcNCHEN-STUTTGART 1987<\/p>\n\n\n\n<hr class=\"wp-block-separator\"\/>\n\n\n\n<p>Howard J. Ehrlich<br>Das Vorurteil<br>Eine sozialpsychologische Bestandsaufnahme der Lehrmeinungen amerikanischer Vorurteilsforschung<\/p>\n\n\n\n<p>ERNST REINHARDT VERLAG M\u00dcNCHEN-BASEL 1979<\/p>\n","protected":false},"excerpt":{"rendered":"<p>Weitere Themen PANDEMIEChronik eines WeltgeschehensMarielle Eudes (Hg.) Knesebeck Verlag M\u00fcnchen 2021\u00a0 STEVE McCURRY \u2013 DIE WELT IN MEINEN AUGENUNBEKANNTE BILDERMit einer Einf\u00fchrung von Pico Lye Knesebeck Verlag M\u00fcnchen 2020 Bonnie McCurrySTEVE McCURRY \u2013 A LIFE IN PICTURESEIN LEBEN F\u00dcR DIE FOTOGRAFIE Knesebeck Verlag M\u00fcnchen 2018 St\u00e4del Museum Frankfurt am Main Ursula Schulz-DornburgTHE LAND IN-BETWEEN &#8211; [&hellip;]<\/p>\n","protected":false},"author":1,"featured_media":0,"parent":26,"menu_order":0,"comment_status":"closed","ping_status":"closed","template":"","meta":[],"_links":{"self":[{"href":"https:\/\/ingrid-hacker-klier.com\/web\/wp-json\/wp\/v2\/pages\/69"}],"collection":[{"href":"https:\/\/ingrid-hacker-klier.com\/web\/wp-json\/wp\/v2\/pages"}],"about":[{"href":"https:\/\/ingrid-hacker-klier.com\/web\/wp-json\/wp\/v2\/types\/page"}],"author":[{"embeddable":true,"href":"https:\/\/ingrid-hacker-klier.com\/web\/wp-json\/wp\/v2\/users\/1"}],"replies":[{"embeddable":true,"href":"https:\/\/ingrid-hacker-klier.com\/web\/wp-json\/wp\/v2\/comments?post=69"}],"version-history":[{"count":14,"href":"https:\/\/ingrid-hacker-klier.com\/web\/wp-json\/wp\/v2\/pages\/69\/revisions"}],"predecessor-version":[{"id":230,"href":"https:\/\/ingrid-hacker-klier.com\/web\/wp-json\/wp\/v2\/pages\/69\/revisions\/230"}],"up":[{"embeddable":true,"href":"https:\/\/ingrid-hacker-klier.com\/web\/wp-json\/wp\/v2\/pages\/26"}],"wp:attachment":[{"href":"https:\/\/ingrid-hacker-klier.com\/web\/wp-json\/wp\/v2\/media?parent=69"}],"curies":[{"name":"wp","href":"https:\/\/api.w.org\/{rel}","templated":true}]}}