{"id":46,"date":"2019-10-16T20:12:52","date_gmt":"2019-10-16T18:12:52","guid":{"rendered":"https:\/\/ingrid-hacker-klier.com\/web\/?page_id=46"},"modified":"2019-10-29T15:35:32","modified_gmt":"2019-10-29T14:35:32","slug":"impressum","status":"publish","type":"page","link":"https:\/\/ingrid-hacker-klier.com\/web\/impressum\/","title":{"rendered":"Impressum"},"content":{"rendered":"\n<h2>Impressum<\/h2>\n\n\n\n<p>Impressum gem. \u00a7 6 Teledienstgesetz (TDG) f\u00fcr die Homepage www.Ingrid-Hacker-Klier.com sowie deren Unterseiten, soweit gesch\u00e4ftliche T\u00e4tigkeit betroffen ist:&nbsp;<\/p>\n\n\n\n<p>Verantwortlich i.S.d.\u00a7 6 TDG:<\/p>\n\n\n\n<p>Ingrid Hacker-Klier<br>B\u00fcrgermeister-Moser-Stra\u00dfe 12<br>D \u2013 84332 Hebertsfelden<br>Tel: +49 (0) 8721 127 10 20<\/p>\n\n\n\n<p>E-Mail: <a href=\"mailto:info@Ingrid-Hacker-Klier.com\">info@Ingrid-Hacker-Klier.com<\/a><\/p>\n\n\n\n<p>Bildnachweis und mit besonderem Dank an:<\/p>\n\n\n\n<p>Hirmer M\u00fcnchen<br>Hirmer Fotoarchiv M\u00fcnchen<br>Collection Rolf Heyne M\u00fcnchen<br>Prestel M\u00fcnchen<br>Diederichs M\u00fcnchen<br>Taschen K\u00f6ln<br>Dumont K\u00f6ln<br>Hatje Cantz Ostfildern<br>Phaidon London<br>Scheidegger &amp; Spiess Z\u00fcrich<br>Guggenheim Museum Publications New York<br>Jovis Verlag Berlin<br>Verlag Kettler Dortmund<br>DAAB Media GmbH K\u00f6ln<br>Galerie Karsten Greve St. Moritz\u2013Paris\u2013K\u00f6ln<br>Lars M\u00fcller Publishers Baden\/Schweiz&nbsp;<br>Swiridoff Verlag K\u00fcnzelsau<br>Modo-Verlag Freiburg<br>Grammont Lausanne<br>Christoph Merian Verlag Basel<br>Artemis &amp; Winkler Patmos D\u00fcsseldorf<br>Johannes Hacker Maitenbeth<br><\/p>\n\n\n\n<p>Seiten, auf die ein Link direkt verweist, wurden bei Verlinkung \u00fcberpr\u00fcft. Von sp\u00e4teren \u00c4nderungen oder weiteren Seiten, die von diesen Seiten aus per Link erreichbar sind, haben wir im Zweifelsfall keine Kenntnis. Im Falle anst\u00f6\u00dfiger oder rechtswidriger Inhalte bitte ich um Benachrichtigung, damit unsere Links erneut \u00fcberpr\u00fcft und gegebenenfalls entfernt werden k\u00f6nnen.<\/p>\n\n\n\n<div style=\"height:50px\" aria-hidden=\"true\" class=\"wp-block-spacer\"><\/div>\n\n\n\n<h3>DATENSCHUTZERKL\u00c4RUNG &#8211; Datenschutzhinweise nach Art. 13, 14 DSGVO<\/h3>\n\n\n\n<p>Verantwortliche Stelle im Sinne der Datenschutzgesetze ist:<\/p>\n\n\n\n<p>Ingrid Hacker-Klier<br>B\u00fcrgermeister-Moser-Stra\u00dfe 12<br>D \u2013 84332 Hebertsfelden<br>Tel: +49 (0) 8721 127 10 20<\/p>\n\n\n\n<p><strong>Erfassung allgemeiner Informationen<\/strong><br>Bei Zugriff auf unsere Website werden automatisch allgemeine Informationen erfasst. Z.B. die Art des Webbrowsers, das Betriebssystem, Domainnamen des Internet Service Providers. Diese Informationen lassen keine R\u00fcckschl\u00fcsse auf Ihre Person zu. Allerdings sind sie technisch erforderlich um die Inhalte der Website korrekt darstellen zu k\u00f6nnen und sind zwingend erforderlich. Anonyme Informationen k\u00f6nnen zur optimierung der Technik und unseres Internetauftritts ausgewertet werden.<\/p>\n\n\n\n<p><strong>Externe Links<\/strong><br>Auf dieser Website sind Links zu Drittseiten aufgef\u00fchrt. Auf die inhaltliche Ausgestaltung der verlinkten Seiten haben die Betreiber dieser Internetpr\u00e4senz keinerlei Einfluss. Vor der Freischaltung der Links werden diese \u00fcberpr\u00fcft, aber dennoch kann eine \u00c4nderung der Inhalte (z.B. Versto\u00df gegen geltendes Recht) durch den jeweiligen Seitenbetreiber nicht ausgeschlossen werden. Wir distanzieren uns von derartigen Inhalten.<\/p>\n\n\n\n<p><strong>Cookies<\/strong><br>Auch wir verwenden &#8211; wie die meisten anderen Internetseiten &#8211; Cookies. Es handelt sich hierbei um kleine Textdateien, die vom Server auf Ihre Festplatte \u00fcbertragen werden. Durch diese erhalten wir automatisch Daten wie Browser, Betriebssyten und IP-Adresse.<br>Diese Cookies dienen lediglich dem Zweck die richtige Darstellung unserer Website zu gew\u00e4hrleisten und z.B. eine bestehende Anmeldung aufrecht zu erhalten. Es k\u00f6nnen \u00fcber diese aber Viren \u00fcbertragen oder Programme gestartet werden.<br>Die erfassten Daten werden nicht an Dritte weitergegeben.<br>Grunds\u00e4tzlich k\u00f6nnen Sie die Website auch ohne Cookies betrachten. Sie m\u00fcssen hierf\u00fcr die Funktion in Ihrem Browser deaktivieren. M\u00f6glicherweise k\u00f6nnen dann aber einzelne Bereiche der Website nicht mehr optimal funktionieren.<\/p>\n\n\n\n<p><strong>Verwendung von Google Analytics<\/strong><br>Diese Webseite benutzt Google Analytics, einen Webanalysedienst der Google Inc. (folgend: Google). Google Analytics verwendet sog. \u201eCookies\u201c, also Textdateien, die auf Ihrem Computer gespeichert werden und die eine Analyse der Benutzung der Webseite durch Sie erm\u00f6glichen. Die durch das Cookie erzeugten Informationen \u00fcber Ihre Benutzung dieser Webseite werden in der Regel an einen Server von Google in den USA \u00fcbertragen und dort gespeichert. Aufgrund der Aktivierung der IP-Anonymisierung auf diesen Webseiten, wird Ihre IP-Adresse von Google jedoch innerhalb von Mitgliedstaaten der Europ\u00e4ischen Union oder in anderen Vertragsstaaten des Abkommens \u00fcber den Europ\u00e4ischen Wirtschaftsraum zuvor gek\u00fcrzt. Nur in Ausnahmef\u00e4llen wird die volle IP-Adresse an einen Server von Google in den USA \u00fcbertragen und dort gek\u00fcrzt. Im Auftrag des Betreibers dieser Webseite wird Google diese Informationen benutzen, um Ihre Nutzung der Webseite auszuwerten, um Reports \u00fcber die Webseitenaktivit\u00e4ten zusammenzustellen und um weitere mit der Webseitennutzung und der Internetnutzung verbundene Dienstleistungen gegen\u00fcber dem Webseitenbetreiber zu erbringen. Die im Rahmen von Google Analytics von Ihrem Browser \u00fcbermittelte IP-Adresse wird nicht mit anderen Daten von Google zusammengef\u00fchrt.<\/p>\n\n\n\n<p>Sie k\u00f6nnen die Speicherung der Cookies durch eine entsprechende Einstellung Ihrer Browser-Software verhindern; wir weisen Sie jedoch darauf hin, dass Sie in diesem Fall gegebenenfalls nicht s\u00e4mtliche Funktionen dieser Webseite vollumf\u00e4nglich werden nutzen k\u00f6nnen. Sie k\u00f6nnen dar\u00fcber hinaus die Erfassung der durch das Cookie erzeugten und auf Ihre Nutzung der Webseite bezogenen Daten (inkl. Ihrer IP-Adresse) an Google sowie die Verarbeitung dieser Daten durch Google verhindern, indem sie das unter dem folgenden Link verf\u00fcgbare Browser-Plugin herunterladen und installieren:&nbsp;<a href=\"http:\/\/tools.google.com\/dlpage\/gaoptout?hl=de\">Browser-Add-on zur Deaktivierung von Google Analytics<\/a><\/p>\n\n\n\n<p>Zus\u00e4tzlich oder als Alternative zum Browser-Add-On k\u00f6nnen Sie das Tracking durch Google Analytics auf unseren Seiten unterbinden, indem Sie diesen Link anklicken. Dabei wird ein Opt-Out-Cookie auf Ihrem Ger\u00e4t installiert. Damit wird die Erfassung durch Google Analytics f\u00fcr diese Website und f\u00fcr diesen Browser zuk\u00fcnftig verhindert, so lange der Cookie in Ihrem Browser installiert bleibt.<\/p>\n\n\n\n<p>Verwendung von Scriptbibliotheken (Google Webfonts)<br>Um unsere Inhalte browser\u00fcbergreifend korrekt und grafisch ansprechend darzustellen, verwenden wir auf dieser Webseite Scriptbibliotheken und Schriftbibliotheken wie z. B.&nbsp;<a href=\"http:\/\/www.google.com\/webfonts\/\">Google Webfonts<\/a>. Google Webfonts werden zur Vermeidung mehrfachen Ladens in den Cache Ihres Browsers \u00fcbertragen. Falls der Browser die Google Webfonts nicht unterst\u00fctzt oder den Zugriff unterbindet, werden Inhalte in einer Standardschrift angezeigt.<\/p>\n\n\n\n<p>Der Aufruf von Scriptbibliotheken oder Schriftbibliotheken l\u00f6st automatisch eine Verbindung zum Betreiber der Bibliothek aus. Dabei ist es theoretisch m\u00f6glich \u2013 aktuell allerdings auch unklar ob und ggf. zu welchen Zwecken \u2013 dass Betreiber entsprechender Bibliotheken Daten erheben.<br><a href=\"https:\/\/www.google.com\/policies\/privacy\/\">Link zur Datenschutzrichtlinie des Bibliothekbetreibers Google<\/a><\/p>\n\n\n\n<p><strong>Google AdWords<\/strong><br>Unsere Webseite nutzt das Google Conversion-Tracking. Sind Sie \u00fcber eine von Google geschaltete Anzeige auf unsere Webseite gelangt, wird von Google Adwords ein Cookie auf Ihrem Rechner gesetzt. Das Cookie f\u00fcr Conversion-Tracking wird gesetzt, wenn ein Nutzer auf eine von Google geschaltete Anzeige klickt. Diese Cookies verlieren nach 30 Tagen ihre G\u00fcltigkeit und dienen nicht der pers\u00f6nlichen Identifizierung. Besucht der Nutzer bestimmte Seiten unserer Website und das Cookie ist noch nicht abgelaufen, k\u00f6nnen wir und Google erkennen, dass der Nutzer auf die Anzeige geklickt hat und zu dieser Seite weitergeleitet wurde. Jeder Google AdWords-Kunde erh\u00e4lt ein anderes Cookie. Cookies k\u00f6nnen somit nicht \u00fcber die Websites von AdWords-Kunden nachverfolgt werden. Die mithilfe des Conversion-Cookies eingeholten Informationen dienen dazu, Conversion-Statistiken f\u00fcr AdWords-Kunden zu erstellen, die sich f\u00fcr Conversion-Tracking entschieden haben. Die Kunden erfahren die Gesamtanzahl der Nutzer, die auf ihre Anzeige geklickt haben und zu einer mit einem Conversion-Tracking-Tag versehenen Seite weitergeleitet wurden. Sie erhalten jedoch keine Informationen, mit denen sich Nutzer pers\u00f6nlich identifizieren lassen.<\/p>\n\n\n\n<p>M\u00f6chten Sie nicht am Tracking teilnehmen, k\u00f6nnen Sie das hierf\u00fcr erforderliche Setzen eines Cookies ablehnen \u2013 etwa per Browser-Einstellung, die das automatische Setzen von Cookies generell deaktiviert oder Ihren Browser so einstellen, dass Cookies von der Domain &#8222;googleleadservices.com\u201c blockiert werden.<\/p>\n\n\n\n<p>Bitte beachten Sie, dass Sie die Opt-out-Cookies nicht l\u00f6schen d\u00fcrfen, solange Sie keine Aufzeichnung von Messdaten w\u00fcnschen. Haben Sie alle Ihre Cookies im Browser gel\u00f6scht, m\u00fcssen Sie das jeweilige Opt-out Cookie erneut setzen.<\/p>\n\n\n\n<p>Ihre Rechte auf Auskunft, Berichtigung, Sperre, L\u00f6schung und Widerspruch<br>\u00dcber Ihre von uns gespeicherten personenbezogenen Daten haben Sie jederzeit das Recht, Auskunft zu erhalten. Ebenso haben Sie das Recht auf Sperrung, Berichtigung oder L\u00f6schung Ihrer personenbezogenen Daten. Bitte kontaktieren Sie uns hierzu per E-Mail.<\/p>\n\n\n\n<p>Damit eine Sperre von Daten jederzeit ber\u00fccksichtigt werden kann, m\u00fcssen diese Daten zu Kontrollzwecken in einer Sperrdatei vorgehalten werden. Sie k\u00f6nnen auch die L\u00f6schung der Daten verlangen, soweit keine gesetzliche Archivierungsverpflichtung besteht. Soweit eine solche Verpflichtung besteht, sperren wir Ihre Daten auf Wunsch.<\/p>\n\n\n\n<p>Sie k\u00f6nnen \u00c4nderungen oder den Widerruf einer Einwilligung durch entsprechende Mitteilung an uns mit Wirkung f\u00fcr die Zukunft vornehmen.<\/p>\n\n\n\n<p><strong>\u00c4nderung unserer Datenschutzbestimmungen<\/strong><br>Wir behalten uns vor, diese Datenschutzerkl\u00e4rung gelegentlich anzupassen, damit sie stets den aktuellen rechtlichen Anforderungen entspricht oder um \u00c4nderungen unserer Leistungen in der Datenschutzerkl\u00e4rung umzusetzen, z. B. bei der Einf\u00fchrung neuer Dienste. F\u00fcr Ihren erneuten Besuch gilt dann die neue Datenschutzerkl\u00e4rung.<\/p>\n","protected":false},"excerpt":{"rendered":"<p>Impressum Impressum gem. \u00a7 6 Teledienstgesetz (TDG) f\u00fcr die Homepage www.Ingrid-Hacker-Klier.com sowie deren Unterseiten, soweit gesch\u00e4ftliche T\u00e4tigkeit betroffen ist:&nbsp; Verantwortlich i.S.d.\u00a7 6 TDG: Ingrid Hacker-KlierB\u00fcrgermeister-Moser-Stra\u00dfe 12D \u2013 84332 HebertsfeldenTel: +49 (0) 8721 127 10 20 E-Mail: info@Ingrid-Hacker-Klier.com Bildnachweis und mit besonderem Dank an: Hirmer M\u00fcnchenHirmer Fotoarchiv M\u00fcnchenCollection Rolf Heyne M\u00fcnchenPrestel M\u00fcnchenDiederichs M\u00fcnchenTaschen K\u00f6lnDumont K\u00f6lnHatje Cantz [&hellip;]<\/p>\n","protected":false},"author":1,"featured_media":0,"parent":0,"menu_order":0,"comment_status":"closed","ping_status":"closed","template":"","meta":[],"_links":{"self":[{"href":"https:\/\/ingrid-hacker-klier.com\/web\/wp-json\/wp\/v2\/pages\/46"}],"collection":[{"href":"https:\/\/ingrid-hacker-klier.com\/web\/wp-json\/wp\/v2\/pages"}],"about":[{"href":"https:\/\/ingrid-hacker-klier.com\/web\/wp-json\/wp\/v2\/types\/page"}],"author":[{"embeddable":true,"href":"https:\/\/ingrid-hacker-klier.com\/web\/wp-json\/wp\/v2\/users\/1"}],"replies":[{"embeddable":true,"href":"https:\/\/ingrid-hacker-klier.com\/web\/wp-json\/wp\/v2\/comments?post=46"}],"version-history":[{"count":5,"href":"https:\/\/ingrid-hacker-klier.com\/web\/wp-json\/wp\/v2\/pages\/46\/revisions"}],"predecessor-version":[{"id":185,"href":"https:\/\/ingrid-hacker-klier.com\/web\/wp-json\/wp\/v2\/pages\/46\/revisions\/185"}],"wp:attachment":[{"href":"https:\/\/ingrid-hacker-klier.com\/web\/wp-json\/wp\/v2\/media?parent=46"}],"curies":[{"name":"wp","href":"https:\/\/api.w.org\/{rel}","templated":true}]}}