{"id":15,"date":"2019-10-12T16:26:30","date_gmt":"2019-10-12T14:26:30","guid":{"rendered":"http:\/\/ingrid-hacker-klier.com\/web\/?page_id=15"},"modified":"2019-10-29T15:13:54","modified_gmt":"2019-10-29T14:13:54","slug":"biografie","status":"publish","type":"page","link":"https:\/\/ingrid-hacker-klier.com\/web\/biografie\/","title":{"rendered":"Biografie"},"content":{"rendered":"\n<div class=\"is-layout-flex wp-container-3 wp-block-columns has-2-columns\">\n<div class=\"is-layout-flow wp-block-column\">\n<p>Nach dem Abitur Studium der Anglistik, Romanistik, Linguistik und Philosophie an der Ludwig-Maximilians-Universit\u00e4t M\u00fcnchen.&nbsp;<\/p>\n\n\n\n<p>\u00dcbersetzerdiplom des Bayerischen Staates mit Schwerpunkt Geisteswissenschaften.&nbsp;<\/p>\n\n\n\n<p>Langj\u00e4hrige Auslandsaufenthalte in England und Peru.&nbsp;<\/p>\n\n\n\n<p>Freie \u00dcbersetzerin in den Sprachen Englisch, Spanisch und Franz\u00f6sisch bei namhaften Kunstverlagen:&nbsp;<\/p>\n\n\n\n<p>Hirmer M\u00fcnchen<br>Prestel M\u00fcnchen<br>Diederichs M\u00fcnchen<br>Taschen K\u00f6ln<br>Dumont K\u00f6ln<br>Hatje Cantz Ostfildern<br>Phaidon London<br>Scheidegger &amp; Spiess Z\u00fcrich<br>Guggenheim Museum Publications New York<br>Jovis Verlag Berlin<br>Verlag Kettler Dortmund<br>DAAB Media GmbH K\u00f6ln<br>Galerie Karsten Greve St. Moritz\u2013Paris\u2013K\u00f6ln<br>Lars M\u00fcller Publishers Baden\/Schweiz&nbsp;<br>Swiridoff Verlag K\u00fcnzelsau<br>Modo-Verlag Freiburg<br>Grammont Lausanne<br>Christoph Merian Verlag Basel<br>Artemis &amp; Winkler Patmos D\u00fcsseldorf<br>Heyne M\u00fcnchen<br>Ernst Reinhard Verlag M\u00fcnchen\u2013Basel<\/p>\n<\/div>\n\n\n\n<div class=\"is-layout-flow wp-block-column\">\n<div class=\"wp-block-image\"><figure class=\"aligncenter is-resized\"><img decoding=\"async\" loading=\"lazy\" src=\"http:\/\/ingrid-hacker-klier.com\/web\/wp-content\/uploads\/2019\/10\/Ingrid-I_Andy-Warhol.jpg\" alt=\"\" class=\"wp-image-17\" width=\"250\" height=\"250\" srcset=\"https:\/\/ingrid-hacker-klier.com\/web\/wp-content\/uploads\/2019\/10\/Ingrid-I_Andy-Warhol.jpg 1000w, https:\/\/ingrid-hacker-klier.com\/web\/wp-content\/uploads\/2019\/10\/Ingrid-I_Andy-Warhol-150x150.jpg 150w, https:\/\/ingrid-hacker-klier.com\/web\/wp-content\/uploads\/2019\/10\/Ingrid-I_Andy-Warhol-300x300.jpg 300w, https:\/\/ingrid-hacker-klier.com\/web\/wp-content\/uploads\/2019\/10\/Ingrid-I_Andy-Warhol-768x768.jpg 768w\" sizes=\"(max-width: 250px) 100vw, 250px\" \/><\/figure><\/div>\n\n\n\n<div class=\"wp-block-image\"><figure class=\"aligncenter is-resized\"><img decoding=\"async\" loading=\"lazy\" src=\"http:\/\/ingrid-hacker-klier.com\/web\/wp-content\/uploads\/2019\/10\/Ingrid-II_Andy-Warhol-1024x1024.jpg\" alt=\"\" class=\"wp-image-16\" width=\"256\" height=\"256\" srcset=\"https:\/\/ingrid-hacker-klier.com\/web\/wp-content\/uploads\/2019\/10\/Ingrid-II_Andy-Warhol-1024x1024.jpg 1024w, https:\/\/ingrid-hacker-klier.com\/web\/wp-content\/uploads\/2019\/10\/Ingrid-II_Andy-Warhol-150x150.jpg 150w, https:\/\/ingrid-hacker-klier.com\/web\/wp-content\/uploads\/2019\/10\/Ingrid-II_Andy-Warhol-300x300.jpg 300w, https:\/\/ingrid-hacker-klier.com\/web\/wp-content\/uploads\/2019\/10\/Ingrid-II_Andy-Warhol-768x768.jpg 768w\" sizes=\"(max-width: 256px) 100vw, 256px\" \/><\/figure><\/div>\n<\/div>\n<\/div>\n\n\n\n<p>sowie f\u00fcr gro\u00dfe nationale und internationale Museen und Galerien:&nbsp;<\/p>\n\n\n\n<p>Amsterdam<br>Rijksmuseum Amsterdam<\/p>\n\n\n\n<p>Basel<br>Fondation Beyeler Basel<\/p>\n\n\n\n<p>Berkeley<br>University of California, Berkeley Art Museum and Pacific Film Archive<\/p>\n\n\n\n<p>Berlin<br>Deutsche Guggenheim Berlin<br>Museum Barberini Berlin<br>Br\u00fccke-Museum Berlin<br>Staatliche Museen Berlin Gem\u00e4ldegalerie<\/p>\n\n\n\n<p>Bielefeld<br>Kunsthalle Bielefeld<\/p>\n\n\n\n<p>Bonn<br>Kunst- und Ausstellungshalle der Bundesrepublik Deutschland Bonn<\/p>\n\n\n\n<p>Bremen<br>Bremer Kunsthalle<\/p>\n\n\n\n<p>Den Haag<br>Gemeentemuseum Den Haag<\/p>\n\n\n\n<p>Donaueschingen<br>Museum Biedermann Donaueschingen<\/p>\n\n\n\n<p>D\u00fcsseldorf<br>Museum Kunstpalast D\u00fcsseldorf<br>Kunstsammlung Nordrhein-Westfalen D\u00fcsseldorf<\/p>\n\n\n\n<p>Duisburg<br>Stiftung Wilhelm Lehmbruck Museum Duisburg<\/p>\n\n\n\n<p>Essen<br>Museum Folkwang Essen<\/p>\n\n\n\n<p>Frankfurt am Main<br>Schirn Kunsthalle Frankfurt am Main<br>St\u00e4del Museum Frankfurt am Main<br>MMK Museum f\u00fcr Moderne Kunst Frankfurt am Main<\/p>\n\n\n\n<p>Hamburg<br>Bucerius Kunst Forum Hamburg&nbsp;<br>Hamburger Kunsthalle&nbsp;<\/p>\n\n\n\n<p>Karlsruhe<br>Staatliche Kunsthalle Karlsruhe<\/p>\n\n\n\n<p>Krefeld<br>Kunstmuseum Krefeld<\/p>\n\n\n\n<p>K\u00f6ln<br>Museum Ludwig K\u00f6ln<br>Wallraf-Richartz-Museum &amp; Fondation Corboud K\u00f6ln<\/p>\n\n\n\n<p>London<br>Royal Academie of Arts London<br>National Gallery London<\/p>\n\n\n\n<p>Madrid<br>Museum Thyssen-Bornemisza Madrid<\/p>\n\n\n\n<p>Metz<br>Centre Pompidou Metz<\/p>\n\n\n\n<p>M\u00fcnchen<br>Alte Pinakothek M\u00fcnchen<br>Pinakothek der Moderne M\u00fcnchen<br>Kunsthalle M\u00fcnchen<br>Haus der Kunst M\u00fcnchen<\/p>\n\n\n\n<p>M\u00fcnster<br>Kunstmuseum Pablo Picasso M\u00fcnster<\/p>\n\n\n\n<p>New York<br>Guggenheim Museum New York<br>National Gallery of Art Washington<\/p>\n\n\n\n<p>St. Moritz<br>Galerie Karsten Greve St. Moritz \u2013 Paris \u2013 K\u00f6ln<\/p>\n\n\n\n<p>Seeb\u00fcll<br>Nolde Stiftung Seeb\u00fcll&nbsp;<\/p>\n\n\n\n<p>Wien<br>Kunsthistorisches Museum Wien&nbsp;<\/p>\n\n\n\n<p>Wittenberg<br>Augusteum | Lutherhaus Lutherstadt Wittenberg<\/p>\n\n\n\n<p>Z\u00fcrich<br>Kunsthaus Z\u00fcrich<\/p>\n","protected":false},"excerpt":{"rendered":"<p>Nach dem Abitur Studium der Anglistik, Romanistik, Linguistik und Philosophie an der Ludwig-Maximilians-Universit\u00e4t M\u00fcnchen.&nbsp; \u00dcbersetzerdiplom des Bayerischen Staates mit Schwerpunkt Geisteswissenschaften.&nbsp; Langj\u00e4hrige Auslandsaufenthalte in England und Peru.&nbsp; Freie \u00dcbersetzerin in den Sprachen Englisch, Spanisch und Franz\u00f6sisch bei namhaften Kunstverlagen:&nbsp; Hirmer M\u00fcnchenPrestel M\u00fcnchenDiederichs M\u00fcnchenTaschen K\u00f6lnDumont K\u00f6lnHatje Cantz OstfildernPhaidon LondonScheidegger &amp; Spiess Z\u00fcrichGuggenheim Museum Publications New YorkJovis [&hellip;]<\/p>\n","protected":false},"author":1,"featured_media":0,"parent":0,"menu_order":0,"comment_status":"closed","ping_status":"closed","template":"","meta":[],"_links":{"self":[{"href":"https:\/\/ingrid-hacker-klier.com\/web\/wp-json\/wp\/v2\/pages\/15"}],"collection":[{"href":"https:\/\/ingrid-hacker-klier.com\/web\/wp-json\/wp\/v2\/pages"}],"about":[{"href":"https:\/\/ingrid-hacker-klier.com\/web\/wp-json\/wp\/v2\/types\/page"}],"author":[{"embeddable":true,"href":"https:\/\/ingrid-hacker-klier.com\/web\/wp-json\/wp\/v2\/users\/1"}],"replies":[{"embeddable":true,"href":"https:\/\/ingrid-hacker-klier.com\/web\/wp-json\/wp\/v2\/comments?post=15"}],"version-history":[{"count":9,"href":"https:\/\/ingrid-hacker-klier.com\/web\/wp-json\/wp\/v2\/pages\/15\/revisions"}],"predecessor-version":[{"id":159,"href":"https:\/\/ingrid-hacker-klier.com\/web\/wp-json\/wp\/v2\/pages\/15\/revisions\/159"}],"wp:attachment":[{"href":"https:\/\/ingrid-hacker-klier.com\/web\/wp-json\/wp\/v2\/media?parent=15"}],"curies":[{"name":"wp","href":"https:\/\/api.w.org\/{rel}","templated":true}]}}